{"id":4404,"date":"2023-05-07T20:57:12","date_gmt":"2023-05-07T23:57:12","guid":{"rendered":"https:\/\/tijuana.com.uy\/?post_type=product&#038;p=4404"},"modified":"2025-08-15T10:41:17","modified_gmt":"2025-08-15T13:41:17","slug":"imabrick-double-side-8-piezas","status":"publish","type":"product","link":"https:\/\/tijuana.com.uy\/?product=imabrick-double-side-8-piezas","title":{"rendered":"IMABRICK DOUBLE SIDE 8 PIEZAS"},"content":{"rendered":"","protected":false},"excerpt":{"rendered":"<p>Imabrick es el puente perfecto entre tus bloques preferidos: IMANIX y LEGO. Desde ahora, podr\u00e1s darle la forma que quieras a tus figuras, sumando toda la posibilidad de integrar los bricks a tus IMANIX extendiendo tus construcciones hacia arriba y los costados.<\/p>\n<p>Ampl\u00eda tu colecci\u00f3n IMANIX con piezas diversas, colores vivos m\u00e1s variados, llamativos y divertidos que se conectan f\u00e1cilmente a trav\u00e9s de sus superimanes en 2D y 3D. Piezas con certificaci\u00f3n internacional, libres de BPA, L\u00e1tex y Tolueno.<\/p>\n<p>Contiene: 8 piezas cuadradas con dise\u00f1os de ambos lados.<\/p>\n","protected":false},"featured_media":4405,"template":"","meta":[],"product_brand":[],"product_cat":[26],"product_tag":[67,64,65,33],"class_list":{"0":"post-4404","1":"product","2":"type-product","3":"status-publish","4":"has-post-thumbnail","6":"product_cat-jugueteria","7":"product_tag-7anos","8":"product_tag-1-2anos","9":"product_tag-3-4anos","10":"product_tag-imanix","12":"first","13":"instock","14":"sale","15":"taxable","16":"shipping-taxable","17":"purchasable","18":"product-type-simple"},"yoast_head":"<!-- This site is optimized with the Yoast SEO plugin v27.5 - https:\/\/yoast.com\/product\/yoast-seo-wordpress\/ -->\n<title>IMABRICK DOUBLE SIDE 8 PIEZAS - Tijuana<\/title>\n<meta name=\"description\" content=\"Imabrick es el puente perfecto entre tus bloques preferidos: IMANIX y LEGO. Desde ahora, podr\u00e1s darle la forma que quieras a tus figuras.\" \/>\n<meta name=\"robots\" content=\"index, follow, max-snippet:-1, max-image-preview:large, max-video-preview:-1\" \/>\n<link rel=\"canonical\" href=\"https:\/\/tijuana.com.uy\/?product=imabrick-double-side-8-piezas\" \/>\n<meta property=\"og:locale\" content=\"es_ES\" \/>\n<meta property=\"og:type\" content=\"article\" \/>\n<meta property=\"og:title\" content=\"IMABRICK DOUBLE SIDE 8 PIEZAS - Tijuana\" \/>\n<meta property=\"og:description\" content=\"Imabrick es el puente perfecto entre tus bloques preferidos: IMANIX y LEGO. Desde ahora, podr\u00e1s darle la forma que quieras a tus figuras.\" \/>\n<meta property=\"og:url\" content=\"https:\/\/tijuana.com.uy\/?product=imabrick-double-side-8-piezas\" \/>\n<meta property=\"og:site_name\" content=\"Tijuana\" \/>\n<meta property=\"article:modified_time\" content=\"2025-08-15T13:41:17+00:00\" \/>\n<meta property=\"og:image\" content=\"https:\/\/tijuana.com.uy\/wp-content\/uploads\/2023\/05\/juegos-plastico-e-iman-imanix-imabrick-double-side-8-piezas-29423092596778.webp\" \/>\n\t<meta property=\"og:image:width\" content=\"1200\" \/>\n\t<meta property=\"og:image:height\" content=\"1200\" \/>\n\t<meta property=\"og:image:type\" content=\"image\/webp\" \/>\n<meta name=\"twitter:card\" content=\"summary_large_image\" \/>\n<script type=\"application\/ld+json\" class=\"yoast-schema-graph\">{\"@context\":\"https:\\\/\\\/schema.org\",\"@graph\":[{\"@type\":\"WebPage\",\"@id\":\"https:\\\/\\\/tijuana.com.uy\\\/?product=imabrick-double-side-8-piezas\",\"url\":\"https:\\\/\\\/tijuana.com.uy\\\/?product=imabrick-double-side-8-piezas\",\"name\":\"IMABRICK DOUBLE SIDE 8 PIEZAS - Tijuana\",\"isPartOf\":{\"@id\":\"https:\\\/\\\/tijuana.com.uy\\\/#website\"},\"primaryImageOfPage\":{\"@id\":\"https:\\\/\\\/tijuana.com.uy\\\/?product=imabrick-double-side-8-piezas#primaryimage\"},\"image\":{\"@id\":\"https:\\\/\\\/tijuana.com.uy\\\/?product=imabrick-double-side-8-piezas#primaryimage\"},\"thumbnailUrl\":\"https:\\\/\\\/tijuana.com.uy\\\/wp-content\\\/uploads\\\/2023\\\/05\\\/juegos-plastico-e-iman-imanix-imabrick-double-side-8-piezas-29423092596778.webp\",\"datePublished\":\"2023-05-07T23:57:12+00:00\",\"dateModified\":\"2025-08-15T13:41:17+00:00\",\"description\":\"Imabrick es el puente perfecto entre tus bloques preferidos: IMANIX y LEGO. Desde ahora, podr\u00e1s darle la forma que quieras a tus figuras.\",\"breadcrumb\":{\"@id\":\"https:\\\/\\\/tijuana.com.uy\\\/?product=imabrick-double-side-8-piezas#breadcrumb\"},\"inLanguage\":\"es\",\"potentialAction\":[{\"@type\":\"ReadAction\",\"target\":[\"https:\\\/\\\/tijuana.com.uy\\\/?product=imabrick-double-side-8-piezas\"]}]},{\"@type\":\"ImageObject\",\"inLanguage\":\"es\",\"@id\":\"https:\\\/\\\/tijuana.com.uy\\\/?product=imabrick-double-side-8-piezas#primaryimage\",\"url\":\"https:\\\/\\\/tijuana.com.uy\\\/wp-content\\\/uploads\\\/2023\\\/05\\\/juegos-plastico-e-iman-imanix-imabrick-double-side-8-piezas-29423092596778.webp\",\"contentUrl\":\"https:\\\/\\\/tijuana.com.uy\\\/wp-content\\\/uploads\\\/2023\\\/05\\\/juegos-plastico-e-iman-imanix-imabrick-double-side-8-piezas-29423092596778.webp\",\"width\":1200,\"height\":1200,\"caption\":\"IMABRICK DOUBLE SIDE 8 PIEZAS\"},{\"@type\":\"BreadcrumbList\",\"@id\":\"https:\\\/\\\/tijuana.com.uy\\\/?product=imabrick-double-side-8-piezas#breadcrumb\",\"itemListElement\":[{\"@type\":\"ListItem\",\"position\":1,\"name\":\"Inicio\",\"item\":\"https:\\\/\\\/tijuana.com.uy\\\/\"},{\"@type\":\"ListItem\",\"position\":2,\"name\":\"Todos nuestros productos\",\"item\":\"https:\\\/\\\/tijuana.com.uy\\\/?page_id=365\"},{\"@type\":\"ListItem\",\"position\":3,\"name\":\"IMABRICK DOUBLE SIDE 8 PIEZAS\"}]},{\"@type\":\"WebSite\",\"@id\":\"https:\\\/\\\/tijuana.com.uy\\\/#website\",\"url\":\"https:\\\/\\\/tijuana.com.uy\\\/\",\"name\":\"Tijuana\",\"description\":\"Ecommerce Tijuana\",\"potentialAction\":[{\"@type\":\"SearchAction\",\"target\":{\"@type\":\"EntryPoint\",\"urlTemplate\":\"https:\\\/\\\/tijuana.com.uy\\\/?s={search_term_string}\"},\"query-input\":{\"@type\":\"PropertyValueSpecification\",\"valueRequired\":true,\"valueName\":\"search_term_string\"}}],\"inLanguage\":\"es\"}]}<\/script>\n<!-- \/ Yoast SEO plugin. -->","yoast_head_json":{"title":"IMABRICK DOUBLE SIDE 8 PIEZAS - Tijuana","description":"Imabrick es el puente perfecto entre tus bloques preferidos: IMANIX y LEGO. Desde ahora, podr\u00e1s darle la forma que quieras a tus figuras.","robots":{"index":"index","follow":"follow","max-snippet":"max-snippet:-1","max-image-preview":"max-image-preview:large","max-video-preview":"max-video-preview:-1"},"canonical":"https:\/\/tijuana.com.uy\/?product=imabrick-double-side-8-piezas","og_locale":"es_ES","og_type":"article","og_title":"IMABRICK DOUBLE SIDE 8 PIEZAS - Tijuana","og_description":"Imabrick es el puente perfecto entre tus bloques preferidos: IMANIX y LEGO. Desde ahora, podr\u00e1s darle la forma que quieras a tus figuras.","og_url":"https:\/\/tijuana.com.uy\/?product=imabrick-double-side-8-piezas","og_site_name":"Tijuana","article_modified_time":"2025-08-15T13:41:17+00:00","og_image":[{"width":1200,"height":1200,"url":"https:\/\/tijuana.com.uy\/wp-content\/uploads\/2023\/05\/juegos-plastico-e-iman-imanix-imabrick-double-side-8-piezas-29423092596778.webp","type":"image\/webp"}],"twitter_card":"summary_large_image","schema":{"@context":"https:\/\/schema.org","@graph":[{"@type":"WebPage","@id":"https:\/\/tijuana.com.uy\/?product=imabrick-double-side-8-piezas","url":"https:\/\/tijuana.com.uy\/?product=imabrick-double-side-8-piezas","name":"IMABRICK DOUBLE SIDE 8 PIEZAS - Tijuana","isPartOf":{"@id":"https:\/\/tijuana.com.uy\/#website"},"primaryImageOfPage":{"@id":"https:\/\/tijuana.com.uy\/?product=imabrick-double-side-8-piezas#primaryimage"},"image":{"@id":"https:\/\/tijuana.com.uy\/?product=imabrick-double-side-8-piezas#primaryimage"},"thumbnailUrl":"https:\/\/tijuana.com.uy\/wp-content\/uploads\/2023\/05\/juegos-plastico-e-iman-imanix-imabrick-double-side-8-piezas-29423092596778.webp","datePublished":"2023-05-07T23:57:12+00:00","dateModified":"2025-08-15T13:41:17+00:00","description":"Imabrick es el puente perfecto entre tus bloques preferidos: IMANIX y LEGO. Desde ahora, podr\u00e1s darle la forma que quieras a tus figuras.","breadcrumb":{"@id":"https:\/\/tijuana.com.uy\/?product=imabrick-double-side-8-piezas#breadcrumb"},"inLanguage":"es","potentialAction":[{"@type":"ReadAction","target":["https:\/\/tijuana.com.uy\/?product=imabrick-double-side-8-piezas"]}]},{"@type":"ImageObject","inLanguage":"es","@id":"https:\/\/tijuana.com.uy\/?product=imabrick-double-side-8-piezas#primaryimage","url":"https:\/\/tijuana.com.uy\/wp-content\/uploads\/2023\/05\/juegos-plastico-e-iman-imanix-imabrick-double-side-8-piezas-29423092596778.webp","contentUrl":"https:\/\/tijuana.com.uy\/wp-content\/uploads\/2023\/05\/juegos-plastico-e-iman-imanix-imabrick-double-side-8-piezas-29423092596778.webp","width":1200,"height":1200,"caption":"IMABRICK DOUBLE SIDE 8 PIEZAS"},{"@type":"BreadcrumbList","@id":"https:\/\/tijuana.com.uy\/?product=imabrick-double-side-8-piezas#breadcrumb","itemListElement":[{"@type":"ListItem","position":1,"name":"Inicio","item":"https:\/\/tijuana.com.uy\/"},{"@type":"ListItem","position":2,"name":"Todos nuestros productos","item":"https:\/\/tijuana.com.uy\/?page_id=365"},{"@type":"ListItem","position":3,"name":"IMABRICK DOUBLE SIDE 8 PIEZAS"}]},{"@type":"WebSite","@id":"https:\/\/tijuana.com.uy\/#website","url":"https:\/\/tijuana.com.uy\/","name":"Tijuana","description":"Ecommerce Tijuana","potentialAction":[{"@type":"SearchAction","target":{"@type":"EntryPoint","urlTemplate":"https:\/\/tijuana.com.uy\/?s={search_term_string}"},"query-input":{"@type":"PropertyValueSpecification","valueRequired":true,"valueName":"search_term_string"}}],"inLanguage":"es"}]}},"_links":{"self":[{"href":"https:\/\/tijuana.com.uy\/index.php?rest_route=\/wp\/v2\/product\/4404","targetHints":{"allow":["GET"]}}],"collection":[{"href":"https:\/\/tijuana.com.uy\/index.php?rest_route=\/wp\/v2\/product"}],"about":[{"href":"https:\/\/tijuana.com.uy\/index.php?rest_route=\/wp\/v2\/types\/product"}],"wp:featuredmedia":[{"embeddable":true,"href":"https:\/\/tijuana.com.uy\/index.php?rest_route=\/wp\/v2\/media\/4405"}],"wp:attachment":[{"href":"https:\/\/tijuana.com.uy\/index.php?rest_route=%2Fwp%2Fv2%2Fmedia&parent=4404"}],"wp:term":[{"taxonomy":"product_brand","embeddable":true,"href":"https:\/\/tijuana.com.uy\/index.php?rest_route=%2Fwp%2Fv2%2Fproduct_brand&post=4404"},{"taxonomy":"product_cat","embeddable":true,"href":"https:\/\/tijuana.com.uy\/index.php?rest_route=%2Fwp%2Fv2%2Fproduct_cat&post=4404"},{"taxonomy":"product_tag","embeddable":true,"href":"https:\/\/tijuana.com.uy\/index.php?rest_route=%2Fwp%2Fv2%2Fproduct_tag&post=4404"}],"curies":[{"name":"wp","href":"https:\/\/api.w.org\/{rel}","templated":true}]}}