{"id":4412,"date":"2023-05-07T21:26:05","date_gmt":"2023-05-08T00:26:05","guid":{"rendered":"https:\/\/tijuana.com.uy\/?post_type=product&#038;p=4412"},"modified":"2024-09-05T12:42:31","modified_gmt":"2024-09-05T15:42:31","slug":"atenti","status":"publish","type":"product","link":"https:\/\/tijuana.com.uy\/?product=atenti","title":{"rendered":"ATENTI HABICHUELAS"},"content":{"rendered":"","protected":false},"excerpt":{"rendered":"<p>El juego Atenti desarrolla la memoria de trabajo y visual, atenci\u00f3n, velocidad de procesamiento, funciones ejecutivas y razonamiento matem\u00e1tico.<\/p>\n<p id=\"headline-137-56\" class=\"ct-headline\"><strong>\u00bfC\u00f3mo se juega?<\/strong> <span id=\"span-139-56\" class=\"ct-span\">Tendr\u00e1s que ir memorizando la secuencia de n\u00fameros, pero \u201cATENTI\u201d, si sale una carta de distracci\u00f3n, deber\u00e1s responder o realizar un peque\u00f1o desaf\u00edo antes de repetir la secuencia.<\/span><\/p>\n<p><span id=\"span-126-56\" class=\"ct-span\">Se necesitan mas de 2 j<\/span>ugadores. Recomendado para edades de <span id=\"span-329-56\" class=\"ct-span\">8 en adelante. El juego tiene una duraci\u00f3n aproximada de <\/span><span id=\"span-335-56\" class=\"ct-span\">10 minutos.<\/span><\/p>\n","protected":false},"featured_media":4418,"template":"","meta":[],"product_brand":[],"product_cat":[219,26],"product_tag":[67,216],"class_list":{"0":"post-4412","1":"product","2":"type-product","3":"status-publish","4":"has-post-thumbnail","6":"product_cat-juegos-de-mesa","7":"product_cat-jugueteria","8":"product_tag-7anos","9":"product_tag-habichuelas","11":"first","12":"instock","13":"taxable","14":"shipping-taxable","15":"purchasable","16":"product-type-simple"},"yoast_head":"<!-- This site is optimized with the Yoast SEO plugin v27.5 - https:\/\/yoast.com\/product\/yoast-seo-wordpress\/ -->\n<title>ATENTI HABICHUELAS - Tijuana<\/title>\n<meta name=\"description\" content=\"El juego Atenti desarrolla la memoria de trabajo y visual, atenci\u00f3n, velocidad de procesamiento, funciones ejecutivas y razonamiento matem\u00e1tico.\" \/>\n<meta name=\"robots\" content=\"index, follow, max-snippet:-1, max-image-preview:large, max-video-preview:-1\" \/>\n<link rel=\"canonical\" href=\"https:\/\/tijuana.com.uy\/?product=atenti\" \/>\n<meta property=\"og:locale\" content=\"es_ES\" \/>\n<meta property=\"og:type\" content=\"article\" \/>\n<meta property=\"og:title\" content=\"ATENTI HABICHUELAS - Tijuana\" \/>\n<meta property=\"og:description\" content=\"El juego Atenti desarrolla la memoria de trabajo y visual, atenci\u00f3n, velocidad de procesamiento, funciones ejecutivas y razonamiento matem\u00e1tico.\" \/>\n<meta property=\"og:url\" content=\"https:\/\/tijuana.com.uy\/?product=atenti\" \/>\n<meta property=\"og:site_name\" content=\"Tijuana\" \/>\n<meta property=\"article:modified_time\" content=\"2024-09-05T15:42:31+00:00\" \/>\n<meta property=\"og:image\" content=\"https:\/\/tijuana.com.uy\/wp-content\/uploads\/2023\/05\/atenti_3.png\" \/>\n\t<meta property=\"og:image:width\" content=\"2432\" \/>\n\t<meta property=\"og:image:height\" content=\"2432\" \/>\n\t<meta property=\"og:image:type\" content=\"image\/png\" \/>\n<meta name=\"twitter:card\" content=\"summary_large_image\" \/>\n<script type=\"application\/ld+json\" class=\"yoast-schema-graph\">{\"@context\":\"https:\\\/\\\/schema.org\",\"@graph\":[{\"@type\":\"WebPage\",\"@id\":\"https:\\\/\\\/tijuana.com.uy\\\/?product=atenti\",\"url\":\"https:\\\/\\\/tijuana.com.uy\\\/?product=atenti\",\"name\":\"ATENTI HABICHUELAS - Tijuana\",\"isPartOf\":{\"@id\":\"https:\\\/\\\/tijuana.com.uy\\\/#website\"},\"primaryImageOfPage\":{\"@id\":\"https:\\\/\\\/tijuana.com.uy\\\/?product=atenti#primaryimage\"},\"image\":{\"@id\":\"https:\\\/\\\/tijuana.com.uy\\\/?product=atenti#primaryimage\"},\"thumbnailUrl\":\"https:\\\/\\\/tijuana.com.uy\\\/wp-content\\\/uploads\\\/2023\\\/05\\\/atenti_3.png\",\"datePublished\":\"2023-05-08T00:26:05+00:00\",\"dateModified\":\"2024-09-05T15:42:31+00:00\",\"description\":\"El juego Atenti desarrolla la memoria de trabajo y visual, atenci\u00f3n, velocidad de procesamiento, funciones ejecutivas y razonamiento matem\u00e1tico.\",\"breadcrumb\":{\"@id\":\"https:\\\/\\\/tijuana.com.uy\\\/?product=atenti#breadcrumb\"},\"inLanguage\":\"es\",\"potentialAction\":[{\"@type\":\"ReadAction\",\"target\":[\"https:\\\/\\\/tijuana.com.uy\\\/?product=atenti\"]}]},{\"@type\":\"ImageObject\",\"inLanguage\":\"es\",\"@id\":\"https:\\\/\\\/tijuana.com.uy\\\/?product=atenti#primaryimage\",\"url\":\"https:\\\/\\\/tijuana.com.uy\\\/wp-content\\\/uploads\\\/2023\\\/05\\\/atenti_3.png\",\"contentUrl\":\"https:\\\/\\\/tijuana.com.uy\\\/wp-content\\\/uploads\\\/2023\\\/05\\\/atenti_3.png\",\"width\":2432,\"height\":2432,\"caption\":\"atenti habichuelas\"},{\"@type\":\"BreadcrumbList\",\"@id\":\"https:\\\/\\\/tijuana.com.uy\\\/?product=atenti#breadcrumb\",\"itemListElement\":[{\"@type\":\"ListItem\",\"position\":1,\"name\":\"Inicio\",\"item\":\"https:\\\/\\\/tijuana.com.uy\\\/\"},{\"@type\":\"ListItem\",\"position\":2,\"name\":\"Todos nuestros productos\",\"item\":\"https:\\\/\\\/tijuana.com.uy\\\/?page_id=365\"},{\"@type\":\"ListItem\",\"position\":3,\"name\":\"ATENTI HABICHUELAS\"}]},{\"@type\":\"WebSite\",\"@id\":\"https:\\\/\\\/tijuana.com.uy\\\/#website\",\"url\":\"https:\\\/\\\/tijuana.com.uy\\\/\",\"name\":\"Tijuana\",\"description\":\"Ecommerce Tijuana\",\"potentialAction\":[{\"@type\":\"SearchAction\",\"target\":{\"@type\":\"EntryPoint\",\"urlTemplate\":\"https:\\\/\\\/tijuana.com.uy\\\/?s={search_term_string}\"},\"query-input\":{\"@type\":\"PropertyValueSpecification\",\"valueRequired\":true,\"valueName\":\"search_term_string\"}}],\"inLanguage\":\"es\"}]}<\/script>\n<!-- \/ Yoast SEO plugin. -->","yoast_head_json":{"title":"ATENTI HABICHUELAS - Tijuana","description":"El juego Atenti desarrolla la memoria de trabajo y visual, atenci\u00f3n, velocidad de procesamiento, funciones ejecutivas y razonamiento matem\u00e1tico.","robots":{"index":"index","follow":"follow","max-snippet":"max-snippet:-1","max-image-preview":"max-image-preview:large","max-video-preview":"max-video-preview:-1"},"canonical":"https:\/\/tijuana.com.uy\/?product=atenti","og_locale":"es_ES","og_type":"article","og_title":"ATENTI HABICHUELAS - Tijuana","og_description":"El juego Atenti desarrolla la memoria de trabajo y visual, atenci\u00f3n, velocidad de procesamiento, funciones ejecutivas y razonamiento matem\u00e1tico.","og_url":"https:\/\/tijuana.com.uy\/?product=atenti","og_site_name":"Tijuana","article_modified_time":"2024-09-05T15:42:31+00:00","og_image":[{"width":2432,"height":2432,"url":"https:\/\/tijuana.com.uy\/wp-content\/uploads\/2023\/05\/atenti_3.png","type":"image\/png"}],"twitter_card":"summary_large_image","schema":{"@context":"https:\/\/schema.org","@graph":[{"@type":"WebPage","@id":"https:\/\/tijuana.com.uy\/?product=atenti","url":"https:\/\/tijuana.com.uy\/?product=atenti","name":"ATENTI HABICHUELAS - Tijuana","isPartOf":{"@id":"https:\/\/tijuana.com.uy\/#website"},"primaryImageOfPage":{"@id":"https:\/\/tijuana.com.uy\/?product=atenti#primaryimage"},"image":{"@id":"https:\/\/tijuana.com.uy\/?product=atenti#primaryimage"},"thumbnailUrl":"https:\/\/tijuana.com.uy\/wp-content\/uploads\/2023\/05\/atenti_3.png","datePublished":"2023-05-08T00:26:05+00:00","dateModified":"2024-09-05T15:42:31+00:00","description":"El juego Atenti desarrolla la memoria de trabajo y visual, atenci\u00f3n, velocidad de procesamiento, funciones ejecutivas y razonamiento matem\u00e1tico.","breadcrumb":{"@id":"https:\/\/tijuana.com.uy\/?product=atenti#breadcrumb"},"inLanguage":"es","potentialAction":[{"@type":"ReadAction","target":["https:\/\/tijuana.com.uy\/?product=atenti"]}]},{"@type":"ImageObject","inLanguage":"es","@id":"https:\/\/tijuana.com.uy\/?product=atenti#primaryimage","url":"https:\/\/tijuana.com.uy\/wp-content\/uploads\/2023\/05\/atenti_3.png","contentUrl":"https:\/\/tijuana.com.uy\/wp-content\/uploads\/2023\/05\/atenti_3.png","width":2432,"height":2432,"caption":"atenti habichuelas"},{"@type":"BreadcrumbList","@id":"https:\/\/tijuana.com.uy\/?product=atenti#breadcrumb","itemListElement":[{"@type":"ListItem","position":1,"name":"Inicio","item":"https:\/\/tijuana.com.uy\/"},{"@type":"ListItem","position":2,"name":"Todos nuestros productos","item":"https:\/\/tijuana.com.uy\/?page_id=365"},{"@type":"ListItem","position":3,"name":"ATENTI HABICHUELAS"}]},{"@type":"WebSite","@id":"https:\/\/tijuana.com.uy\/#website","url":"https:\/\/tijuana.com.uy\/","name":"Tijuana","description":"Ecommerce Tijuana","potentialAction":[{"@type":"SearchAction","target":{"@type":"EntryPoint","urlTemplate":"https:\/\/tijuana.com.uy\/?s={search_term_string}"},"query-input":{"@type":"PropertyValueSpecification","valueRequired":true,"valueName":"search_term_string"}}],"inLanguage":"es"}]}},"_links":{"self":[{"href":"https:\/\/tijuana.com.uy\/index.php?rest_route=\/wp\/v2\/product\/4412","targetHints":{"allow":["GET"]}}],"collection":[{"href":"https:\/\/tijuana.com.uy\/index.php?rest_route=\/wp\/v2\/product"}],"about":[{"href":"https:\/\/tijuana.com.uy\/index.php?rest_route=\/wp\/v2\/types\/product"}],"wp:featuredmedia":[{"embeddable":true,"href":"https:\/\/tijuana.com.uy\/index.php?rest_route=\/wp\/v2\/media\/4418"}],"wp:attachment":[{"href":"https:\/\/tijuana.com.uy\/index.php?rest_route=%2Fwp%2Fv2%2Fmedia&parent=4412"}],"wp:term":[{"taxonomy":"product_brand","embeddable":true,"href":"https:\/\/tijuana.com.uy\/index.php?rest_route=%2Fwp%2Fv2%2Fproduct_brand&post=4412"},{"taxonomy":"product_cat","embeddable":true,"href":"https:\/\/tijuana.com.uy\/index.php?rest_route=%2Fwp%2Fv2%2Fproduct_cat&post=4412"},{"taxonomy":"product_tag","embeddable":true,"href":"https:\/\/tijuana.com.uy\/index.php?rest_route=%2Fwp%2Fv2%2Fproduct_tag&post=4412"}],"curies":[{"name":"wp","href":"https:\/\/api.w.org\/{rel}","templated":true}]}}