{"id":4419,"date":"2023-05-07T21:42:25","date_gmt":"2023-05-08T00:42:25","guid":{"rendered":"https:\/\/tijuana.com.uy\/?post_type=product&#038;p=4419"},"modified":"2024-09-05T12:42:19","modified_gmt":"2024-09-05T15:42:19","slug":"totem-habichuelas","status":"publish","type":"product","link":"https:\/\/tijuana.com.uy\/?product=totem-habichuelas","title":{"rendered":"TOTEM HABICHUELAS"},"content":{"rendered":"","protected":false},"excerpt":{"rendered":"<p>El TOTEM desarrolla la capacidad de atenci\u00f3n, concentraci\u00f3n, agilidad, rapidez mental, coordinaci\u00f3n \u00f3culo manual y discriminaci\u00f3n visual.<\/p>\n<p id=\"headline-137-56\" class=\"ct-headline\"><strong>\u00bfC\u00f3mo se juega? <\/strong><span id=\"span-139-56\" class=\"ct-span\">TOTEM es un juego de mucha rapidez y adrenalina, donde cualquier error te har\u00e1 quedarte con las cartas, se van descubriendo las cartas por turno. Si aparecen duelos de forma (2 iguales) o de color (3 del mismo color), \u00bfQui\u00e9n ser\u00e1 el m\u00e1s r\u00e1pido en agarrar el TOTEM? \u00a1El primer jugador que logre descartarse, ser\u00e1 el ganador!<\/span><\/p>\n<p><span id=\"span-126-56\" class=\"ct-span\">Se necesitan de 2 a 16<\/span> jugadores. Recomendado para edades de 6<span id=\"span-329-56\" class=\"ct-span\"> en adelante. El juego tiene una duraci\u00f3n aproximada de 20<\/span><span id=\"span-335-56\" class=\"ct-span\">\u00a0minutos.<\/span><\/p>\n","protected":false},"featured_media":4421,"template":"","meta":[],"product_brand":[],"product_cat":[219,26],"product_tag":[67,216],"class_list":{"0":"post-4419","1":"product","2":"type-product","3":"status-publish","4":"has-post-thumbnail","6":"product_cat-juegos-de-mesa","7":"product_cat-jugueteria","8":"product_tag-7anos","9":"product_tag-habichuelas","11":"first","12":"instock","13":"taxable","14":"shipping-taxable","15":"purchasable","16":"product-type-simple"},"yoast_head":"<!-- This site is optimized with the Yoast SEO plugin v27.5 - https:\/\/yoast.com\/product\/yoast-seo-wordpress\/ -->\n<title>TOTEM HABICHUELAS - Tijuana<\/title>\n<meta name=\"description\" content=\"El TOTEM desarrolla la capacidad de atenci\u00f3n, concentraci\u00f3n, agilidad, rapidez mental, coordinaci\u00f3n \u00f3culo manual y discriminaci\u00f3n visual.\" \/>\n<meta name=\"robots\" content=\"index, follow, max-snippet:-1, max-image-preview:large, max-video-preview:-1\" \/>\n<link rel=\"canonical\" href=\"https:\/\/tijuana.com.uy\/?product=totem-habichuelas\" \/>\n<meta property=\"og:locale\" content=\"es_ES\" \/>\n<meta property=\"og:type\" content=\"article\" \/>\n<meta property=\"og:title\" content=\"TOTEM HABICHUELAS - Tijuana\" \/>\n<meta property=\"og:description\" content=\"El TOTEM desarrolla la capacidad de atenci\u00f3n, concentraci\u00f3n, agilidad, rapidez mental, coordinaci\u00f3n \u00f3culo manual y discriminaci\u00f3n visual.\" \/>\n<meta property=\"og:url\" content=\"https:\/\/tijuana.com.uy\/?product=totem-habichuelas\" \/>\n<meta property=\"og:site_name\" content=\"Tijuana\" \/>\n<meta property=\"article:modified_time\" content=\"2024-09-05T15:42:19+00:00\" \/>\n<meta property=\"og:image\" content=\"https:\/\/tijuana.com.uy\/wp-content\/uploads\/2023\/05\/juego-de-mesa-habichuelas-totem-2-16-jugadores-juego-de-mesa-habichuelas-totem-2-16-jugadores.jpg\" \/>\n\t<meta property=\"og:image:width\" content=\"1920\" \/>\n\t<meta property=\"og:image:height\" content=\"1920\" \/>\n\t<meta property=\"og:image:type\" content=\"image\/jpeg\" \/>\n<meta name=\"twitter:card\" content=\"summary_large_image\" \/>\n<script type=\"application\/ld+json\" class=\"yoast-schema-graph\">{\"@context\":\"https:\\\/\\\/schema.org\",\"@graph\":[{\"@type\":\"WebPage\",\"@id\":\"https:\\\/\\\/tijuana.com.uy\\\/?product=totem-habichuelas\",\"url\":\"https:\\\/\\\/tijuana.com.uy\\\/?product=totem-habichuelas\",\"name\":\"TOTEM HABICHUELAS - Tijuana\",\"isPartOf\":{\"@id\":\"https:\\\/\\\/tijuana.com.uy\\\/#website\"},\"primaryImageOfPage\":{\"@id\":\"https:\\\/\\\/tijuana.com.uy\\\/?product=totem-habichuelas#primaryimage\"},\"image\":{\"@id\":\"https:\\\/\\\/tijuana.com.uy\\\/?product=totem-habichuelas#primaryimage\"},\"thumbnailUrl\":\"https:\\\/\\\/tijuana.com.uy\\\/wp-content\\\/uploads\\\/2023\\\/05\\\/juego-de-mesa-habichuelas-totem-2-16-jugadores-juego-de-mesa-habichuelas-totem-2-16-jugadores.jpg\",\"datePublished\":\"2023-05-08T00:42:25+00:00\",\"dateModified\":\"2024-09-05T15:42:19+00:00\",\"description\":\"El TOTEM desarrolla la capacidad de atenci\u00f3n, concentraci\u00f3n, agilidad, rapidez mental, coordinaci\u00f3n \u00f3culo manual y discriminaci\u00f3n visual.\",\"breadcrumb\":{\"@id\":\"https:\\\/\\\/tijuana.com.uy\\\/?product=totem-habichuelas#breadcrumb\"},\"inLanguage\":\"es\",\"potentialAction\":[{\"@type\":\"ReadAction\",\"target\":[\"https:\\\/\\\/tijuana.com.uy\\\/?product=totem-habichuelas\"]}]},{\"@type\":\"ImageObject\",\"inLanguage\":\"es\",\"@id\":\"https:\\\/\\\/tijuana.com.uy\\\/?product=totem-habichuelas#primaryimage\",\"url\":\"https:\\\/\\\/tijuana.com.uy\\\/wp-content\\\/uploads\\\/2023\\\/05\\\/juego-de-mesa-habichuelas-totem-2-16-jugadores-juego-de-mesa-habichuelas-totem-2-16-jugadores.jpg\",\"contentUrl\":\"https:\\\/\\\/tijuana.com.uy\\\/wp-content\\\/uploads\\\/2023\\\/05\\\/juego-de-mesa-habichuelas-totem-2-16-jugadores-juego-de-mesa-habichuelas-totem-2-16-jugadores.jpg\",\"width\":1920,\"height\":1920,\"caption\":\"TOTEM HABICHUELAS\"},{\"@type\":\"BreadcrumbList\",\"@id\":\"https:\\\/\\\/tijuana.com.uy\\\/?product=totem-habichuelas#breadcrumb\",\"itemListElement\":[{\"@type\":\"ListItem\",\"position\":1,\"name\":\"Inicio\",\"item\":\"https:\\\/\\\/tijuana.com.uy\\\/\"},{\"@type\":\"ListItem\",\"position\":2,\"name\":\"Todos nuestros productos\",\"item\":\"https:\\\/\\\/tijuana.com.uy\\\/?page_id=365\"},{\"@type\":\"ListItem\",\"position\":3,\"name\":\"TOTEM HABICHUELAS\"}]},{\"@type\":\"WebSite\",\"@id\":\"https:\\\/\\\/tijuana.com.uy\\\/#website\",\"url\":\"https:\\\/\\\/tijuana.com.uy\\\/\",\"name\":\"Tijuana\",\"description\":\"Ecommerce Tijuana\",\"potentialAction\":[{\"@type\":\"SearchAction\",\"target\":{\"@type\":\"EntryPoint\",\"urlTemplate\":\"https:\\\/\\\/tijuana.com.uy\\\/?s={search_term_string}\"},\"query-input\":{\"@type\":\"PropertyValueSpecification\",\"valueRequired\":true,\"valueName\":\"search_term_string\"}}],\"inLanguage\":\"es\"}]}<\/script>\n<!-- \/ Yoast SEO plugin. -->","yoast_head_json":{"title":"TOTEM HABICHUELAS - Tijuana","description":"El TOTEM desarrolla la capacidad de atenci\u00f3n, concentraci\u00f3n, agilidad, rapidez mental, coordinaci\u00f3n \u00f3culo manual y discriminaci\u00f3n visual.","robots":{"index":"index","follow":"follow","max-snippet":"max-snippet:-1","max-image-preview":"max-image-preview:large","max-video-preview":"max-video-preview:-1"},"canonical":"https:\/\/tijuana.com.uy\/?product=totem-habichuelas","og_locale":"es_ES","og_type":"article","og_title":"TOTEM HABICHUELAS - Tijuana","og_description":"El TOTEM desarrolla la capacidad de atenci\u00f3n, concentraci\u00f3n, agilidad, rapidez mental, coordinaci\u00f3n \u00f3culo manual y discriminaci\u00f3n visual.","og_url":"https:\/\/tijuana.com.uy\/?product=totem-habichuelas","og_site_name":"Tijuana","article_modified_time":"2024-09-05T15:42:19+00:00","og_image":[{"width":1920,"height":1920,"url":"https:\/\/tijuana.com.uy\/wp-content\/uploads\/2023\/05\/juego-de-mesa-habichuelas-totem-2-16-jugadores-juego-de-mesa-habichuelas-totem-2-16-jugadores.jpg","type":"image\/jpeg"}],"twitter_card":"summary_large_image","schema":{"@context":"https:\/\/schema.org","@graph":[{"@type":"WebPage","@id":"https:\/\/tijuana.com.uy\/?product=totem-habichuelas","url":"https:\/\/tijuana.com.uy\/?product=totem-habichuelas","name":"TOTEM HABICHUELAS - Tijuana","isPartOf":{"@id":"https:\/\/tijuana.com.uy\/#website"},"primaryImageOfPage":{"@id":"https:\/\/tijuana.com.uy\/?product=totem-habichuelas#primaryimage"},"image":{"@id":"https:\/\/tijuana.com.uy\/?product=totem-habichuelas#primaryimage"},"thumbnailUrl":"https:\/\/tijuana.com.uy\/wp-content\/uploads\/2023\/05\/juego-de-mesa-habichuelas-totem-2-16-jugadores-juego-de-mesa-habichuelas-totem-2-16-jugadores.jpg","datePublished":"2023-05-08T00:42:25+00:00","dateModified":"2024-09-05T15:42:19+00:00","description":"El TOTEM desarrolla la capacidad de atenci\u00f3n, concentraci\u00f3n, agilidad, rapidez mental, coordinaci\u00f3n \u00f3culo manual y discriminaci\u00f3n visual.","breadcrumb":{"@id":"https:\/\/tijuana.com.uy\/?product=totem-habichuelas#breadcrumb"},"inLanguage":"es","potentialAction":[{"@type":"ReadAction","target":["https:\/\/tijuana.com.uy\/?product=totem-habichuelas"]}]},{"@type":"ImageObject","inLanguage":"es","@id":"https:\/\/tijuana.com.uy\/?product=totem-habichuelas#primaryimage","url":"https:\/\/tijuana.com.uy\/wp-content\/uploads\/2023\/05\/juego-de-mesa-habichuelas-totem-2-16-jugadores-juego-de-mesa-habichuelas-totem-2-16-jugadores.jpg","contentUrl":"https:\/\/tijuana.com.uy\/wp-content\/uploads\/2023\/05\/juego-de-mesa-habichuelas-totem-2-16-jugadores-juego-de-mesa-habichuelas-totem-2-16-jugadores.jpg","width":1920,"height":1920,"caption":"TOTEM HABICHUELAS"},{"@type":"BreadcrumbList","@id":"https:\/\/tijuana.com.uy\/?product=totem-habichuelas#breadcrumb","itemListElement":[{"@type":"ListItem","position":1,"name":"Inicio","item":"https:\/\/tijuana.com.uy\/"},{"@type":"ListItem","position":2,"name":"Todos nuestros productos","item":"https:\/\/tijuana.com.uy\/?page_id=365"},{"@type":"ListItem","position":3,"name":"TOTEM HABICHUELAS"}]},{"@type":"WebSite","@id":"https:\/\/tijuana.com.uy\/#website","url":"https:\/\/tijuana.com.uy\/","name":"Tijuana","description":"Ecommerce Tijuana","potentialAction":[{"@type":"SearchAction","target":{"@type":"EntryPoint","urlTemplate":"https:\/\/tijuana.com.uy\/?s={search_term_string}"},"query-input":{"@type":"PropertyValueSpecification","valueRequired":true,"valueName":"search_term_string"}}],"inLanguage":"es"}]}},"_links":{"self":[{"href":"https:\/\/tijuana.com.uy\/index.php?rest_route=\/wp\/v2\/product\/4419","targetHints":{"allow":["GET"]}}],"collection":[{"href":"https:\/\/tijuana.com.uy\/index.php?rest_route=\/wp\/v2\/product"}],"about":[{"href":"https:\/\/tijuana.com.uy\/index.php?rest_route=\/wp\/v2\/types\/product"}],"wp:featuredmedia":[{"embeddable":true,"href":"https:\/\/tijuana.com.uy\/index.php?rest_route=\/wp\/v2\/media\/4421"}],"wp:attachment":[{"href":"https:\/\/tijuana.com.uy\/index.php?rest_route=%2Fwp%2Fv2%2Fmedia&parent=4419"}],"wp:term":[{"taxonomy":"product_brand","embeddable":true,"href":"https:\/\/tijuana.com.uy\/index.php?rest_route=%2Fwp%2Fv2%2Fproduct_brand&post=4419"},{"taxonomy":"product_cat","embeddable":true,"href":"https:\/\/tijuana.com.uy\/index.php?rest_route=%2Fwp%2Fv2%2Fproduct_cat&post=4419"},{"taxonomy":"product_tag","embeddable":true,"href":"https:\/\/tijuana.com.uy\/index.php?rest_route=%2Fwp%2Fv2%2Fproduct_tag&post=4419"}],"curies":[{"name":"wp","href":"https:\/\/api.w.org\/{rel}","templated":true}]}}