{"id":4435,"date":"2023-05-07T22:58:41","date_gmt":"2023-05-08T01:58:41","guid":{"rendered":"https:\/\/tijuana.com.uy\/?post_type=product&#038;p=4435"},"modified":"2024-09-05T12:41:18","modified_gmt":"2024-09-05T15:41:18","slug":"sumo-habichuelas","status":"publish","type":"product","link":"https:\/\/tijuana.com.uy\/?product=sumo-habichuelas","title":{"rendered":"SUMO HABICHUELAS"},"content":{"rendered":"","protected":false},"excerpt":{"rendered":"<div id=\"text_block-135-56\" class=\"ct-text-block\"><span id=\"span-136-56\" class=\"ct-span\">Es un juego que desarrolla las habilidades de c\u00e1lculo, l\u00f3gica y matem\u00e1tica. Estimula la capacidad de planificar y formar estrategias.<\/span><\/div>\n<p id=\"headline-137-56\" class=\"ct-headline\"><strong>\u00bfC\u00f3mo se juega? <\/strong><span id=\"span-139-56\" class=\"ct-span\">El objetivo del juego es quedarse con la menor cantidad de \u201csumos\u201d (puntos) posible, todos los jugadores por ronda, eligen una carta para colocar en las filas de la mesa, de menor a mayor y al lado del n\u00famero m\u00e1s cercano, cada jugador pone su carta, intentando que no sea la sexta de la fila!<\/span><\/p>\n<p><span id=\"span-126-56\" class=\"ct-span\">Se necesitan de 2 a 10<\/span> jugadores. Recomendado para edades de 8<span id=\"span-329-56\" class=\"ct-span\">\u00a0en adelante. El juego tiene una duraci\u00f3n aproximada de 20 <\/span><span id=\"span-335-56\" class=\"ct-span\">minutos.<\/span><\/p>\n","protected":false},"featured_media":4437,"template":"","meta":[],"product_brand":[],"product_cat":[219,26],"product_tag":[67,216],"class_list":{"0":"post-4435","1":"product","2":"type-product","3":"status-publish","4":"has-post-thumbnail","6":"product_cat-juegos-de-mesa","7":"product_cat-jugueteria","8":"product_tag-7anos","9":"product_tag-habichuelas","11":"first","12":"instock","13":"taxable","14":"shipping-taxable","15":"purchasable","16":"product-type-simple"},"yoast_head":"<!-- This site is optimized with the Yoast SEO plugin v27.5 - https:\/\/yoast.com\/product\/yoast-seo-wordpress\/ -->\n<title>SUMO HABICHUELAS - Tijuana<\/title>\n<meta name=\"description\" content=\"Es un juego que desarrolla las habilidades de c\u00e1lculo, l\u00f3gica y matem\u00e1tica. Estimula la capacidad de planificar y formar estrategias.\" \/>\n<meta name=\"robots\" content=\"index, follow, max-snippet:-1, max-image-preview:large, max-video-preview:-1\" \/>\n<link rel=\"canonical\" href=\"https:\/\/tijuana.com.uy\/?product=sumo-habichuelas\" \/>\n<meta property=\"og:locale\" content=\"es_ES\" \/>\n<meta property=\"og:type\" content=\"article\" \/>\n<meta property=\"og:title\" content=\"SUMO HABICHUELAS - Tijuana\" \/>\n<meta property=\"og:description\" content=\"Es un juego que desarrolla las habilidades de c\u00e1lculo, l\u00f3gica y matem\u00e1tica. Estimula la capacidad de planificar y formar estrategias.\" \/>\n<meta property=\"og:url\" content=\"https:\/\/tijuana.com.uy\/?product=sumo-habichuelas\" \/>\n<meta property=\"og:site_name\" content=\"Tijuana\" \/>\n<meta property=\"article:modified_time\" content=\"2024-09-05T15:41:18+00:00\" \/>\n<meta property=\"og:image\" content=\"https:\/\/tijuana.com.uy\/wp-content\/uploads\/2023\/05\/D_NQ_NP_865593-MLU32032379562_082019-O.jpg\" \/>\n\t<meta property=\"og:image:width\" content=\"500\" \/>\n\t<meta property=\"og:image:height\" content=\"392\" \/>\n\t<meta property=\"og:image:type\" content=\"image\/jpeg\" \/>\n<meta name=\"twitter:card\" content=\"summary_large_image\" \/>\n<script type=\"application\/ld+json\" class=\"yoast-schema-graph\">{\"@context\":\"https:\\\/\\\/schema.org\",\"@graph\":[{\"@type\":\"WebPage\",\"@id\":\"https:\\\/\\\/tijuana.com.uy\\\/?product=sumo-habichuelas\",\"url\":\"https:\\\/\\\/tijuana.com.uy\\\/?product=sumo-habichuelas\",\"name\":\"SUMO HABICHUELAS - Tijuana\",\"isPartOf\":{\"@id\":\"https:\\\/\\\/tijuana.com.uy\\\/#website\"},\"primaryImageOfPage\":{\"@id\":\"https:\\\/\\\/tijuana.com.uy\\\/?product=sumo-habichuelas#primaryimage\"},\"image\":{\"@id\":\"https:\\\/\\\/tijuana.com.uy\\\/?product=sumo-habichuelas#primaryimage\"},\"thumbnailUrl\":\"https:\\\/\\\/tijuana.com.uy\\\/wp-content\\\/uploads\\\/2023\\\/05\\\/D_NQ_NP_865593-MLU32032379562_082019-O.jpg\",\"datePublished\":\"2023-05-08T01:58:41+00:00\",\"dateModified\":\"2024-09-05T15:41:18+00:00\",\"description\":\"Es un juego que desarrolla las habilidades de c\u00e1lculo, l\u00f3gica y matem\u00e1tica. Estimula la capacidad de planificar y formar estrategias.\",\"breadcrumb\":{\"@id\":\"https:\\\/\\\/tijuana.com.uy\\\/?product=sumo-habichuelas#breadcrumb\"},\"inLanguage\":\"es\",\"potentialAction\":[{\"@type\":\"ReadAction\",\"target\":[\"https:\\\/\\\/tijuana.com.uy\\\/?product=sumo-habichuelas\"]}]},{\"@type\":\"ImageObject\",\"inLanguage\":\"es\",\"@id\":\"https:\\\/\\\/tijuana.com.uy\\\/?product=sumo-habichuelas#primaryimage\",\"url\":\"https:\\\/\\\/tijuana.com.uy\\\/wp-content\\\/uploads\\\/2023\\\/05\\\/D_NQ_NP_865593-MLU32032379562_082019-O.jpg\",\"contentUrl\":\"https:\\\/\\\/tijuana.com.uy\\\/wp-content\\\/uploads\\\/2023\\\/05\\\/D_NQ_NP_865593-MLU32032379562_082019-O.jpg\",\"width\":500,\"height\":392,\"caption\":\"SUMO HABICHUELAS\"},{\"@type\":\"BreadcrumbList\",\"@id\":\"https:\\\/\\\/tijuana.com.uy\\\/?product=sumo-habichuelas#breadcrumb\",\"itemListElement\":[{\"@type\":\"ListItem\",\"position\":1,\"name\":\"Inicio\",\"item\":\"https:\\\/\\\/tijuana.com.uy\\\/\"},{\"@type\":\"ListItem\",\"position\":2,\"name\":\"Todos nuestros productos\",\"item\":\"https:\\\/\\\/tijuana.com.uy\\\/?page_id=365\"},{\"@type\":\"ListItem\",\"position\":3,\"name\":\"SUMO HABICHUELAS\"}]},{\"@type\":\"WebSite\",\"@id\":\"https:\\\/\\\/tijuana.com.uy\\\/#website\",\"url\":\"https:\\\/\\\/tijuana.com.uy\\\/\",\"name\":\"Tijuana\",\"description\":\"Ecommerce Tijuana\",\"potentialAction\":[{\"@type\":\"SearchAction\",\"target\":{\"@type\":\"EntryPoint\",\"urlTemplate\":\"https:\\\/\\\/tijuana.com.uy\\\/?s={search_term_string}\"},\"query-input\":{\"@type\":\"PropertyValueSpecification\",\"valueRequired\":true,\"valueName\":\"search_term_string\"}}],\"inLanguage\":\"es\"}]}<\/script>\n<!-- \/ Yoast SEO plugin. -->","yoast_head_json":{"title":"SUMO HABICHUELAS - Tijuana","description":"Es un juego que desarrolla las habilidades de c\u00e1lculo, l\u00f3gica y matem\u00e1tica. Estimula la capacidad de planificar y formar estrategias.","robots":{"index":"index","follow":"follow","max-snippet":"max-snippet:-1","max-image-preview":"max-image-preview:large","max-video-preview":"max-video-preview:-1"},"canonical":"https:\/\/tijuana.com.uy\/?product=sumo-habichuelas","og_locale":"es_ES","og_type":"article","og_title":"SUMO HABICHUELAS - Tijuana","og_description":"Es un juego que desarrolla las habilidades de c\u00e1lculo, l\u00f3gica y matem\u00e1tica. Estimula la capacidad de planificar y formar estrategias.","og_url":"https:\/\/tijuana.com.uy\/?product=sumo-habichuelas","og_site_name":"Tijuana","article_modified_time":"2024-09-05T15:41:18+00:00","og_image":[{"width":500,"height":392,"url":"https:\/\/tijuana.com.uy\/wp-content\/uploads\/2023\/05\/D_NQ_NP_865593-MLU32032379562_082019-O.jpg","type":"image\/jpeg"}],"twitter_card":"summary_large_image","schema":{"@context":"https:\/\/schema.org","@graph":[{"@type":"WebPage","@id":"https:\/\/tijuana.com.uy\/?product=sumo-habichuelas","url":"https:\/\/tijuana.com.uy\/?product=sumo-habichuelas","name":"SUMO HABICHUELAS - Tijuana","isPartOf":{"@id":"https:\/\/tijuana.com.uy\/#website"},"primaryImageOfPage":{"@id":"https:\/\/tijuana.com.uy\/?product=sumo-habichuelas#primaryimage"},"image":{"@id":"https:\/\/tijuana.com.uy\/?product=sumo-habichuelas#primaryimage"},"thumbnailUrl":"https:\/\/tijuana.com.uy\/wp-content\/uploads\/2023\/05\/D_NQ_NP_865593-MLU32032379562_082019-O.jpg","datePublished":"2023-05-08T01:58:41+00:00","dateModified":"2024-09-05T15:41:18+00:00","description":"Es un juego que desarrolla las habilidades de c\u00e1lculo, l\u00f3gica y matem\u00e1tica. Estimula la capacidad de planificar y formar estrategias.","breadcrumb":{"@id":"https:\/\/tijuana.com.uy\/?product=sumo-habichuelas#breadcrumb"},"inLanguage":"es","potentialAction":[{"@type":"ReadAction","target":["https:\/\/tijuana.com.uy\/?product=sumo-habichuelas"]}]},{"@type":"ImageObject","inLanguage":"es","@id":"https:\/\/tijuana.com.uy\/?product=sumo-habichuelas#primaryimage","url":"https:\/\/tijuana.com.uy\/wp-content\/uploads\/2023\/05\/D_NQ_NP_865593-MLU32032379562_082019-O.jpg","contentUrl":"https:\/\/tijuana.com.uy\/wp-content\/uploads\/2023\/05\/D_NQ_NP_865593-MLU32032379562_082019-O.jpg","width":500,"height":392,"caption":"SUMO HABICHUELAS"},{"@type":"BreadcrumbList","@id":"https:\/\/tijuana.com.uy\/?product=sumo-habichuelas#breadcrumb","itemListElement":[{"@type":"ListItem","position":1,"name":"Inicio","item":"https:\/\/tijuana.com.uy\/"},{"@type":"ListItem","position":2,"name":"Todos nuestros productos","item":"https:\/\/tijuana.com.uy\/?page_id=365"},{"@type":"ListItem","position":3,"name":"SUMO HABICHUELAS"}]},{"@type":"WebSite","@id":"https:\/\/tijuana.com.uy\/#website","url":"https:\/\/tijuana.com.uy\/","name":"Tijuana","description":"Ecommerce Tijuana","potentialAction":[{"@type":"SearchAction","target":{"@type":"EntryPoint","urlTemplate":"https:\/\/tijuana.com.uy\/?s={search_term_string}"},"query-input":{"@type":"PropertyValueSpecification","valueRequired":true,"valueName":"search_term_string"}}],"inLanguage":"es"}]}},"_links":{"self":[{"href":"https:\/\/tijuana.com.uy\/index.php?rest_route=\/wp\/v2\/product\/4435","targetHints":{"allow":["GET"]}}],"collection":[{"href":"https:\/\/tijuana.com.uy\/index.php?rest_route=\/wp\/v2\/product"}],"about":[{"href":"https:\/\/tijuana.com.uy\/index.php?rest_route=\/wp\/v2\/types\/product"}],"wp:featuredmedia":[{"embeddable":true,"href":"https:\/\/tijuana.com.uy\/index.php?rest_route=\/wp\/v2\/media\/4437"}],"wp:attachment":[{"href":"https:\/\/tijuana.com.uy\/index.php?rest_route=%2Fwp%2Fv2%2Fmedia&parent=4435"}],"wp:term":[{"taxonomy":"product_brand","embeddable":true,"href":"https:\/\/tijuana.com.uy\/index.php?rest_route=%2Fwp%2Fv2%2Fproduct_brand&post=4435"},{"taxonomy":"product_cat","embeddable":true,"href":"https:\/\/tijuana.com.uy\/index.php?rest_route=%2Fwp%2Fv2%2Fproduct_cat&post=4435"},{"taxonomy":"product_tag","embeddable":true,"href":"https:\/\/tijuana.com.uy\/index.php?rest_route=%2Fwp%2Fv2%2Fproduct_tag&post=4435"}],"curies":[{"name":"wp","href":"https:\/\/api.w.org\/{rel}","templated":true}]}}