{"id":4446,"date":"2023-05-07T23:23:33","date_gmt":"2023-05-08T02:23:33","guid":{"rendered":"https:\/\/tijuana.com.uy\/?post_type=product&#038;p=4446"},"modified":"2024-09-05T12:40:08","modified_gmt":"2024-09-05T15:40:08","slug":"popachis-habichuelas","status":"publish","type":"product","link":"https:\/\/tijuana.com.uy\/?product=popachis-habichuelas","title":{"rendered":"POPACHIS HABICHUELAS"},"content":{"rendered":"","protected":false},"excerpt":{"rendered":"<p>En este divertido juego los m\u00e1s peque\u00f1os podr\u00e1n desarrollar el pensamiento flexible y la l\u00f3gica visual, e incentivar la identificaci\u00f3n de colores y patrones.<\/p>\n<p>Lombrices multicolores est\u00e1n perdidas por el pa\u00eds. Para encontrarlas debes unir los colores. Una lombriz est\u00e1 completa si tiene una cabeza, una cola y por lo menos una parte de su cuerpo. Ganar\u00e1s una lombriz cuando puedas completarla. \u00bfQui\u00e9n podr\u00e1 quedarse con POPACH\u00cdS, la lombriz m\u00e1s larga?<\/p>\n<p><span id=\"span-126-56\" class=\"ct-span\">Se necesitan de 2 a 5<\/span> jugadores. Recomendado para edades de 4 <span id=\"span-329-56\" class=\"ct-span\">en adelante.\u00a0<\/span><\/p>\n","protected":false},"featured_media":4447,"template":"","meta":[],"product_brand":[],"product_cat":[219,26],"product_tag":[65,66,216],"class_list":{"0":"post-4446","1":"product","2":"type-product","3":"status-publish","4":"has-post-thumbnail","6":"product_cat-juegos-de-mesa","7":"product_cat-jugueteria","8":"product_tag-3-4anos","9":"product_tag-5-6anos","10":"product_tag-habichuelas","12":"first","13":"instock","14":"taxable","15":"shipping-taxable","16":"purchasable","17":"product-type-simple"},"yoast_head":"<!-- This site is optimized with the Yoast SEO plugin v27.5 - https:\/\/yoast.com\/product\/yoast-seo-wordpress\/ -->\n<title>POPACHIS HABICHUELAS - Tijuana<\/title>\n<meta name=\"description\" content=\"Este divertido juego los m\u00e1s peque\u00f1os podr\u00e1n desarrollar el pensamiento flexible y la l\u00f3gica visual, e incentivar la identificaci\u00f3n de colores y patrones.\" \/>\n<meta name=\"robots\" content=\"index, follow, max-snippet:-1, max-image-preview:large, max-video-preview:-1\" \/>\n<link rel=\"canonical\" href=\"https:\/\/tijuana.com.uy\/?product=popachis-habichuelas\" \/>\n<meta property=\"og:locale\" content=\"es_ES\" \/>\n<meta property=\"og:type\" content=\"article\" \/>\n<meta property=\"og:title\" content=\"POPACHIS HABICHUELAS - Tijuana\" \/>\n<meta property=\"og:description\" content=\"Este divertido juego los m\u00e1s peque\u00f1os podr\u00e1n desarrollar el pensamiento flexible y la l\u00f3gica visual, e incentivar la identificaci\u00f3n de colores y patrones.\" \/>\n<meta property=\"og:url\" content=\"https:\/\/tijuana.com.uy\/?product=popachis-habichuelas\" \/>\n<meta property=\"og:site_name\" content=\"Tijuana\" \/>\n<meta property=\"article:modified_time\" content=\"2024-09-05T15:40:08+00:00\" \/>\n<meta property=\"og:image\" content=\"https:\/\/tijuana.com.uy\/wp-content\/uploads\/2023\/05\/brokrxwsxtgnlkzoq557.webp\" \/>\n\t<meta property=\"og:image:width\" content=\"976\" \/>\n\t<meta property=\"og:image:height\" content=\"1057\" \/>\n\t<meta property=\"og:image:type\" content=\"image\/webp\" \/>\n<meta name=\"twitter:card\" content=\"summary_large_image\" \/>\n<script type=\"application\/ld+json\" class=\"yoast-schema-graph\">{\"@context\":\"https:\\\/\\\/schema.org\",\"@graph\":[{\"@type\":\"WebPage\",\"@id\":\"https:\\\/\\\/tijuana.com.uy\\\/?product=popachis-habichuelas\",\"url\":\"https:\\\/\\\/tijuana.com.uy\\\/?product=popachis-habichuelas\",\"name\":\"POPACHIS HABICHUELAS - Tijuana\",\"isPartOf\":{\"@id\":\"https:\\\/\\\/tijuana.com.uy\\\/#website\"},\"primaryImageOfPage\":{\"@id\":\"https:\\\/\\\/tijuana.com.uy\\\/?product=popachis-habichuelas#primaryimage\"},\"image\":{\"@id\":\"https:\\\/\\\/tijuana.com.uy\\\/?product=popachis-habichuelas#primaryimage\"},\"thumbnailUrl\":\"https:\\\/\\\/tijuana.com.uy\\\/wp-content\\\/uploads\\\/2023\\\/05\\\/brokrxwsxtgnlkzoq557.webp\",\"datePublished\":\"2023-05-08T02:23:33+00:00\",\"dateModified\":\"2024-09-05T15:40:08+00:00\",\"description\":\"Este divertido juego los m\u00e1s peque\u00f1os podr\u00e1n desarrollar el pensamiento flexible y la l\u00f3gica visual, e incentivar la identificaci\u00f3n de colores y patrones.\",\"breadcrumb\":{\"@id\":\"https:\\\/\\\/tijuana.com.uy\\\/?product=popachis-habichuelas#breadcrumb\"},\"inLanguage\":\"es\",\"potentialAction\":[{\"@type\":\"ReadAction\",\"target\":[\"https:\\\/\\\/tijuana.com.uy\\\/?product=popachis-habichuelas\"]}]},{\"@type\":\"ImageObject\",\"inLanguage\":\"es\",\"@id\":\"https:\\\/\\\/tijuana.com.uy\\\/?product=popachis-habichuelas#primaryimage\",\"url\":\"https:\\\/\\\/tijuana.com.uy\\\/wp-content\\\/uploads\\\/2023\\\/05\\\/brokrxwsxtgnlkzoq557.webp\",\"contentUrl\":\"https:\\\/\\\/tijuana.com.uy\\\/wp-content\\\/uploads\\\/2023\\\/05\\\/brokrxwsxtgnlkzoq557.webp\",\"width\":976,\"height\":1057,\"caption\":\"POPACHIS HABICHUELAS\"},{\"@type\":\"BreadcrumbList\",\"@id\":\"https:\\\/\\\/tijuana.com.uy\\\/?product=popachis-habichuelas#breadcrumb\",\"itemListElement\":[{\"@type\":\"ListItem\",\"position\":1,\"name\":\"Inicio\",\"item\":\"https:\\\/\\\/tijuana.com.uy\\\/\"},{\"@type\":\"ListItem\",\"position\":2,\"name\":\"Todos nuestros productos\",\"item\":\"https:\\\/\\\/tijuana.com.uy\\\/?page_id=365\"},{\"@type\":\"ListItem\",\"position\":3,\"name\":\"POPACHIS HABICHUELAS\"}]},{\"@type\":\"WebSite\",\"@id\":\"https:\\\/\\\/tijuana.com.uy\\\/#website\",\"url\":\"https:\\\/\\\/tijuana.com.uy\\\/\",\"name\":\"Tijuana\",\"description\":\"Ecommerce Tijuana\",\"potentialAction\":[{\"@type\":\"SearchAction\",\"target\":{\"@type\":\"EntryPoint\",\"urlTemplate\":\"https:\\\/\\\/tijuana.com.uy\\\/?s={search_term_string}\"},\"query-input\":{\"@type\":\"PropertyValueSpecification\",\"valueRequired\":true,\"valueName\":\"search_term_string\"}}],\"inLanguage\":\"es\"}]}<\/script>\n<!-- \/ Yoast SEO plugin. -->","yoast_head_json":{"title":"POPACHIS HABICHUELAS - Tijuana","description":"Este divertido juego los m\u00e1s peque\u00f1os podr\u00e1n desarrollar el pensamiento flexible y la l\u00f3gica visual, e incentivar la identificaci\u00f3n de colores y patrones.","robots":{"index":"index","follow":"follow","max-snippet":"max-snippet:-1","max-image-preview":"max-image-preview:large","max-video-preview":"max-video-preview:-1"},"canonical":"https:\/\/tijuana.com.uy\/?product=popachis-habichuelas","og_locale":"es_ES","og_type":"article","og_title":"POPACHIS HABICHUELAS - Tijuana","og_description":"Este divertido juego los m\u00e1s peque\u00f1os podr\u00e1n desarrollar el pensamiento flexible y la l\u00f3gica visual, e incentivar la identificaci\u00f3n de colores y patrones.","og_url":"https:\/\/tijuana.com.uy\/?product=popachis-habichuelas","og_site_name":"Tijuana","article_modified_time":"2024-09-05T15:40:08+00:00","og_image":[{"width":976,"height":1057,"url":"https:\/\/tijuana.com.uy\/wp-content\/uploads\/2023\/05\/brokrxwsxtgnlkzoq557.webp","type":"image\/webp"}],"twitter_card":"summary_large_image","schema":{"@context":"https:\/\/schema.org","@graph":[{"@type":"WebPage","@id":"https:\/\/tijuana.com.uy\/?product=popachis-habichuelas","url":"https:\/\/tijuana.com.uy\/?product=popachis-habichuelas","name":"POPACHIS HABICHUELAS - Tijuana","isPartOf":{"@id":"https:\/\/tijuana.com.uy\/#website"},"primaryImageOfPage":{"@id":"https:\/\/tijuana.com.uy\/?product=popachis-habichuelas#primaryimage"},"image":{"@id":"https:\/\/tijuana.com.uy\/?product=popachis-habichuelas#primaryimage"},"thumbnailUrl":"https:\/\/tijuana.com.uy\/wp-content\/uploads\/2023\/05\/brokrxwsxtgnlkzoq557.webp","datePublished":"2023-05-08T02:23:33+00:00","dateModified":"2024-09-05T15:40:08+00:00","description":"Este divertido juego los m\u00e1s peque\u00f1os podr\u00e1n desarrollar el pensamiento flexible y la l\u00f3gica visual, e incentivar la identificaci\u00f3n de colores y patrones.","breadcrumb":{"@id":"https:\/\/tijuana.com.uy\/?product=popachis-habichuelas#breadcrumb"},"inLanguage":"es","potentialAction":[{"@type":"ReadAction","target":["https:\/\/tijuana.com.uy\/?product=popachis-habichuelas"]}]},{"@type":"ImageObject","inLanguage":"es","@id":"https:\/\/tijuana.com.uy\/?product=popachis-habichuelas#primaryimage","url":"https:\/\/tijuana.com.uy\/wp-content\/uploads\/2023\/05\/brokrxwsxtgnlkzoq557.webp","contentUrl":"https:\/\/tijuana.com.uy\/wp-content\/uploads\/2023\/05\/brokrxwsxtgnlkzoq557.webp","width":976,"height":1057,"caption":"POPACHIS HABICHUELAS"},{"@type":"BreadcrumbList","@id":"https:\/\/tijuana.com.uy\/?product=popachis-habichuelas#breadcrumb","itemListElement":[{"@type":"ListItem","position":1,"name":"Inicio","item":"https:\/\/tijuana.com.uy\/"},{"@type":"ListItem","position":2,"name":"Todos nuestros productos","item":"https:\/\/tijuana.com.uy\/?page_id=365"},{"@type":"ListItem","position":3,"name":"POPACHIS HABICHUELAS"}]},{"@type":"WebSite","@id":"https:\/\/tijuana.com.uy\/#website","url":"https:\/\/tijuana.com.uy\/","name":"Tijuana","description":"Ecommerce Tijuana","potentialAction":[{"@type":"SearchAction","target":{"@type":"EntryPoint","urlTemplate":"https:\/\/tijuana.com.uy\/?s={search_term_string}"},"query-input":{"@type":"PropertyValueSpecification","valueRequired":true,"valueName":"search_term_string"}}],"inLanguage":"es"}]}},"_links":{"self":[{"href":"https:\/\/tijuana.com.uy\/index.php?rest_route=\/wp\/v2\/product\/4446","targetHints":{"allow":["GET"]}}],"collection":[{"href":"https:\/\/tijuana.com.uy\/index.php?rest_route=\/wp\/v2\/product"}],"about":[{"href":"https:\/\/tijuana.com.uy\/index.php?rest_route=\/wp\/v2\/types\/product"}],"wp:featuredmedia":[{"embeddable":true,"href":"https:\/\/tijuana.com.uy\/index.php?rest_route=\/wp\/v2\/media\/4447"}],"wp:attachment":[{"href":"https:\/\/tijuana.com.uy\/index.php?rest_route=%2Fwp%2Fv2%2Fmedia&parent=4446"}],"wp:term":[{"taxonomy":"product_brand","embeddable":true,"href":"https:\/\/tijuana.com.uy\/index.php?rest_route=%2Fwp%2Fv2%2Fproduct_brand&post=4446"},{"taxonomy":"product_cat","embeddable":true,"href":"https:\/\/tijuana.com.uy\/index.php?rest_route=%2Fwp%2Fv2%2Fproduct_cat&post=4446"},{"taxonomy":"product_tag","embeddable":true,"href":"https:\/\/tijuana.com.uy\/index.php?rest_route=%2Fwp%2Fv2%2Fproduct_tag&post=4446"}],"curies":[{"name":"wp","href":"https:\/\/api.w.org\/{rel}","templated":true}]}}