{"id":4450,"date":"2023-05-07T23:50:30","date_gmt":"2023-05-08T02:50:30","guid":{"rendered":"https:\/\/tijuana.com.uy\/?post_type=product&#038;p=4450"},"modified":"2025-08-15T10:36:10","modified_gmt":"2025-08-15T13:36:10","slug":"mola-mola-pika","status":"publish","type":"product","link":"https:\/\/tijuana.com.uy\/?product=mola-mola-pika","title":{"rendered":"MOLA MOLA PIKA"},"content":{"rendered":"","protected":false},"excerpt":{"rendered":"<p>Los animales marinos que viven en Uruguay son mucho m\u00e1s diversos y espectaculares de lo que pensamos. Te invitamos a empezar a conocer algunas de las miles de especies que viven en aguas y fondos marinos uruguayos, entre aproximadamente 50 y 500 metros de profundidad.<\/p>\n<p>Mola Mola es un juego de cartas de estrategia, ideal para jugar en familia.<\/p>\n<p>La din\u00e1mica del juego consiste en varias rondas de juego, en la cual hay que lograr descartarse de todas las cartas en mano. Para eso, en cada turno, el jugador deber\u00e1 colocar en el pozo central, una carta que coincida con el color, animal\/n\u00famero o s\u00edmbolo de la \u00faltima carta visible en el pozo. El jugador que logre descartarse de todas las cartas ganar\u00e1 la ronda y se llevar\u00e1 como puntaje, la suma de las cartas que quedaron en mano del resto de los participantes. Ganar\u00e1 el juego, quien llegue a 500 puntos.<\/p>\n<p>&nbsp;<\/p>\n","protected":false},"featured_media":4451,"template":"","meta":[],"product_brand":[],"product_cat":[219,26],"product_tag":[67,66,218],"class_list":{"0":"post-4450","1":"product","2":"type-product","3":"status-publish","4":"has-post-thumbnail","6":"product_cat-juegos-de-mesa","7":"product_cat-jugueteria","8":"product_tag-7anos","9":"product_tag-5-6anos","10":"product_tag-pika","12":"first","13":"outofstock","14":"taxable","15":"shipping-taxable","16":"purchasable","17":"product-type-simple"},"yoast_head":"<!-- This site is optimized with the Yoast SEO plugin v27.5 - https:\/\/yoast.com\/product\/yoast-seo-wordpress\/ -->\n<title>MOLA MOLA PIKA - Tijuana<\/title>\n<meta name=\"description\" content=\"Los animales marinos que viven en Uruguay son mucho m\u00e1s diversos de lo que pensamos. Mola Mola es un juego de cartas de estrategia, ideal para jugar en familia.\u00a0\" \/>\n<meta name=\"robots\" content=\"index, follow, max-snippet:-1, max-image-preview:large, max-video-preview:-1\" \/>\n<link rel=\"canonical\" href=\"https:\/\/tijuana.com.uy\/?product=mola-mola-pika\" \/>\n<meta property=\"og:locale\" content=\"es_ES\" \/>\n<meta property=\"og:type\" content=\"article\" \/>\n<meta property=\"og:title\" content=\"MOLA MOLA PIKA - Tijuana\" \/>\n<meta property=\"og:description\" content=\"Los animales marinos que viven en Uruguay son mucho m\u00e1s diversos de lo que pensamos. Mola Mola es un juego de cartas de estrategia, ideal para jugar en familia.\u00a0\" \/>\n<meta property=\"og:url\" content=\"https:\/\/tijuana.com.uy\/?product=mola-mola-pika\" \/>\n<meta property=\"og:site_name\" content=\"Tijuana\" \/>\n<meta property=\"article:modified_time\" content=\"2025-08-15T13:36:10+00:00\" \/>\n<meta property=\"og:image\" content=\"https:\/\/tijuana.com.uy\/wp-content\/uploads\/2023\/05\/de4fab_d9c80615aed54cbf864107e7b5547027mv2.webp\" \/>\n\t<meta property=\"og:image:width\" content=\"500\" \/>\n\t<meta property=\"og:image:height\" content=\"500\" \/>\n\t<meta property=\"og:image:type\" content=\"image\/webp\" \/>\n<meta name=\"twitter:card\" content=\"summary_large_image\" \/>\n<script type=\"application\/ld+json\" class=\"yoast-schema-graph\">{\"@context\":\"https:\\\/\\\/schema.org\",\"@graph\":[{\"@type\":\"WebPage\",\"@id\":\"https:\\\/\\\/tijuana.com.uy\\\/?product=mola-mola-pika\",\"url\":\"https:\\\/\\\/tijuana.com.uy\\\/?product=mola-mola-pika\",\"name\":\"MOLA MOLA PIKA - Tijuana\",\"isPartOf\":{\"@id\":\"https:\\\/\\\/tijuana.com.uy\\\/#website\"},\"primaryImageOfPage\":{\"@id\":\"https:\\\/\\\/tijuana.com.uy\\\/?product=mola-mola-pika#primaryimage\"},\"image\":{\"@id\":\"https:\\\/\\\/tijuana.com.uy\\\/?product=mola-mola-pika#primaryimage\"},\"thumbnailUrl\":\"https:\\\/\\\/tijuana.com.uy\\\/wp-content\\\/uploads\\\/2023\\\/05\\\/de4fab_d9c80615aed54cbf864107e7b5547027mv2.webp\",\"datePublished\":\"2023-05-08T02:50:30+00:00\",\"dateModified\":\"2025-08-15T13:36:10+00:00\",\"description\":\"Los animales marinos que viven en Uruguay son mucho m\u00e1s diversos de lo que pensamos. Mola Mola es un juego de cartas de estrategia, ideal para jugar en familia.\u00a0\",\"breadcrumb\":{\"@id\":\"https:\\\/\\\/tijuana.com.uy\\\/?product=mola-mola-pika#breadcrumb\"},\"inLanguage\":\"es\",\"potentialAction\":[{\"@type\":\"ReadAction\",\"target\":[\"https:\\\/\\\/tijuana.com.uy\\\/?product=mola-mola-pika\"]}]},{\"@type\":\"ImageObject\",\"inLanguage\":\"es\",\"@id\":\"https:\\\/\\\/tijuana.com.uy\\\/?product=mola-mola-pika#primaryimage\",\"url\":\"https:\\\/\\\/tijuana.com.uy\\\/wp-content\\\/uploads\\\/2023\\\/05\\\/de4fab_d9c80615aed54cbf864107e7b5547027mv2.webp\",\"contentUrl\":\"https:\\\/\\\/tijuana.com.uy\\\/wp-content\\\/uploads\\\/2023\\\/05\\\/de4fab_d9c80615aed54cbf864107e7b5547027mv2.webp\",\"width\":500,\"height\":500,\"caption\":\"MOLA MOLA PIKA\"},{\"@type\":\"BreadcrumbList\",\"@id\":\"https:\\\/\\\/tijuana.com.uy\\\/?product=mola-mola-pika#breadcrumb\",\"itemListElement\":[{\"@type\":\"ListItem\",\"position\":1,\"name\":\"Inicio\",\"item\":\"https:\\\/\\\/tijuana.com.uy\\\/\"},{\"@type\":\"ListItem\",\"position\":2,\"name\":\"Todos nuestros productos\",\"item\":\"https:\\\/\\\/tijuana.com.uy\\\/?page_id=365\"},{\"@type\":\"ListItem\",\"position\":3,\"name\":\"MOLA MOLA PIKA\"}]},{\"@type\":\"WebSite\",\"@id\":\"https:\\\/\\\/tijuana.com.uy\\\/#website\",\"url\":\"https:\\\/\\\/tijuana.com.uy\\\/\",\"name\":\"Tijuana\",\"description\":\"Ecommerce Tijuana\",\"potentialAction\":[{\"@type\":\"SearchAction\",\"target\":{\"@type\":\"EntryPoint\",\"urlTemplate\":\"https:\\\/\\\/tijuana.com.uy\\\/?s={search_term_string}\"},\"query-input\":{\"@type\":\"PropertyValueSpecification\",\"valueRequired\":true,\"valueName\":\"search_term_string\"}}],\"inLanguage\":\"es\"}]}<\/script>\n<!-- \/ Yoast SEO plugin. -->","yoast_head_json":{"title":"MOLA MOLA PIKA - Tijuana","description":"Los animales marinos que viven en Uruguay son mucho m\u00e1s diversos de lo que pensamos. Mola Mola es un juego de cartas de estrategia, ideal para jugar en familia.\u00a0","robots":{"index":"index","follow":"follow","max-snippet":"max-snippet:-1","max-image-preview":"max-image-preview:large","max-video-preview":"max-video-preview:-1"},"canonical":"https:\/\/tijuana.com.uy\/?product=mola-mola-pika","og_locale":"es_ES","og_type":"article","og_title":"MOLA MOLA PIKA - Tijuana","og_description":"Los animales marinos que viven en Uruguay son mucho m\u00e1s diversos de lo que pensamos. Mola Mola es un juego de cartas de estrategia, ideal para jugar en familia.\u00a0","og_url":"https:\/\/tijuana.com.uy\/?product=mola-mola-pika","og_site_name":"Tijuana","article_modified_time":"2025-08-15T13:36:10+00:00","og_image":[{"width":500,"height":500,"url":"https:\/\/tijuana.com.uy\/wp-content\/uploads\/2023\/05\/de4fab_d9c80615aed54cbf864107e7b5547027mv2.webp","type":"image\/webp"}],"twitter_card":"summary_large_image","schema":{"@context":"https:\/\/schema.org","@graph":[{"@type":"WebPage","@id":"https:\/\/tijuana.com.uy\/?product=mola-mola-pika","url":"https:\/\/tijuana.com.uy\/?product=mola-mola-pika","name":"MOLA MOLA PIKA - Tijuana","isPartOf":{"@id":"https:\/\/tijuana.com.uy\/#website"},"primaryImageOfPage":{"@id":"https:\/\/tijuana.com.uy\/?product=mola-mola-pika#primaryimage"},"image":{"@id":"https:\/\/tijuana.com.uy\/?product=mola-mola-pika#primaryimage"},"thumbnailUrl":"https:\/\/tijuana.com.uy\/wp-content\/uploads\/2023\/05\/de4fab_d9c80615aed54cbf864107e7b5547027mv2.webp","datePublished":"2023-05-08T02:50:30+00:00","dateModified":"2025-08-15T13:36:10+00:00","description":"Los animales marinos que viven en Uruguay son mucho m\u00e1s diversos de lo que pensamos. Mola Mola es un juego de cartas de estrategia, ideal para jugar en familia.\u00a0","breadcrumb":{"@id":"https:\/\/tijuana.com.uy\/?product=mola-mola-pika#breadcrumb"},"inLanguage":"es","potentialAction":[{"@type":"ReadAction","target":["https:\/\/tijuana.com.uy\/?product=mola-mola-pika"]}]},{"@type":"ImageObject","inLanguage":"es","@id":"https:\/\/tijuana.com.uy\/?product=mola-mola-pika#primaryimage","url":"https:\/\/tijuana.com.uy\/wp-content\/uploads\/2023\/05\/de4fab_d9c80615aed54cbf864107e7b5547027mv2.webp","contentUrl":"https:\/\/tijuana.com.uy\/wp-content\/uploads\/2023\/05\/de4fab_d9c80615aed54cbf864107e7b5547027mv2.webp","width":500,"height":500,"caption":"MOLA MOLA PIKA"},{"@type":"BreadcrumbList","@id":"https:\/\/tijuana.com.uy\/?product=mola-mola-pika#breadcrumb","itemListElement":[{"@type":"ListItem","position":1,"name":"Inicio","item":"https:\/\/tijuana.com.uy\/"},{"@type":"ListItem","position":2,"name":"Todos nuestros productos","item":"https:\/\/tijuana.com.uy\/?page_id=365"},{"@type":"ListItem","position":3,"name":"MOLA MOLA PIKA"}]},{"@type":"WebSite","@id":"https:\/\/tijuana.com.uy\/#website","url":"https:\/\/tijuana.com.uy\/","name":"Tijuana","description":"Ecommerce Tijuana","potentialAction":[{"@type":"SearchAction","target":{"@type":"EntryPoint","urlTemplate":"https:\/\/tijuana.com.uy\/?s={search_term_string}"},"query-input":{"@type":"PropertyValueSpecification","valueRequired":true,"valueName":"search_term_string"}}],"inLanguage":"es"}]}},"_links":{"self":[{"href":"https:\/\/tijuana.com.uy\/index.php?rest_route=\/wp\/v2\/product\/4450","targetHints":{"allow":["GET"]}}],"collection":[{"href":"https:\/\/tijuana.com.uy\/index.php?rest_route=\/wp\/v2\/product"}],"about":[{"href":"https:\/\/tijuana.com.uy\/index.php?rest_route=\/wp\/v2\/types\/product"}],"wp:featuredmedia":[{"embeddable":true,"href":"https:\/\/tijuana.com.uy\/index.php?rest_route=\/wp\/v2\/media\/4451"}],"wp:attachment":[{"href":"https:\/\/tijuana.com.uy\/index.php?rest_route=%2Fwp%2Fv2%2Fmedia&parent=4450"}],"wp:term":[{"taxonomy":"product_brand","embeddable":true,"href":"https:\/\/tijuana.com.uy\/index.php?rest_route=%2Fwp%2Fv2%2Fproduct_brand&post=4450"},{"taxonomy":"product_cat","embeddable":true,"href":"https:\/\/tijuana.com.uy\/index.php?rest_route=%2Fwp%2Fv2%2Fproduct_cat&post=4450"},{"taxonomy":"product_tag","embeddable":true,"href":"https:\/\/tijuana.com.uy\/index.php?rest_route=%2Fwp%2Fv2%2Fproduct_tag&post=4450"}],"curies":[{"name":"wp","href":"https:\/\/api.w.org\/{rel}","templated":true}]}}