{"id":4466,"date":"2023-05-08T00:18:10","date_gmt":"2023-05-08T03:18:10","guid":{"rendered":"https:\/\/tijuana.com.uy\/?post_type=product&#038;p=4466"},"modified":"2025-08-15T10:35:37","modified_gmt":"2025-08-15T13:35:37","slug":"intruso-en-uruguay-pika","status":"publish","type":"product","link":"https:\/\/tijuana.com.uy\/?product=intruso-en-uruguay-pika","title":{"rendered":"INTRUSO EN URUGUAY PIKA"},"content":{"rendered":"","protected":false},"excerpt":{"rendered":"<p>\u201cIntruso en Uruguay\u201d es un muy divertido juego de observaci\u00f3n y asociaci\u00f3n. El mazo contiene dos series de 20 ilustraciones relacionadas a costumbres, caracter\u00edsticas y lugares de Uruguay ilustradas por Luc\u00eda Estevez y una carta \u201cintrusa\u201d ilustrada por Genoveva P\u00e9rez Volpe.<\/p>\n","protected":false},"featured_media":4470,"template":"","meta":[],"product_brand":[],"product_cat":[219,26],"product_tag":[67,218],"class_list":{"0":"post-4466","1":"product","2":"type-product","3":"status-publish","4":"has-post-thumbnail","6":"product_cat-juegos-de-mesa","7":"product_cat-jugueteria","8":"product_tag-7anos","9":"product_tag-pika","11":"first","12":"instock","13":"taxable","14":"shipping-taxable","15":"purchasable","16":"product-type-simple"},"yoast_head":"<!-- This site is optimized with the Yoast SEO plugin v27.5 - https:\/\/yoast.com\/product\/yoast-seo-wordpress\/ -->\n<title>INTRUSO EN URUGUAY PIKA - Tijuana<\/title>\n<meta name=\"description\" content=\"Este es un muy divertido juego de observaci\u00f3n y asociaci\u00f3n.El mazo contiene 20 ilustraciones relacionadas a costumbres, caracter\u00edsticas y lugares de Uruguay\" \/>\n<meta name=\"robots\" content=\"index, follow, max-snippet:-1, max-image-preview:large, max-video-preview:-1\" \/>\n<link rel=\"canonical\" href=\"https:\/\/tijuana.com.uy\/?product=intruso-en-uruguay-pika\" \/>\n<meta property=\"og:locale\" content=\"es_ES\" \/>\n<meta property=\"og:type\" content=\"article\" \/>\n<meta property=\"og:title\" content=\"INTRUSO EN URUGUAY PIKA - Tijuana\" \/>\n<meta property=\"og:description\" content=\"Este es un muy divertido juego de observaci\u00f3n y asociaci\u00f3n.El mazo contiene 20 ilustraciones relacionadas a costumbres, caracter\u00edsticas y lugares de Uruguay\" \/>\n<meta property=\"og:url\" content=\"https:\/\/tijuana.com.uy\/?product=intruso-en-uruguay-pika\" \/>\n<meta property=\"og:site_name\" content=\"Tijuana\" \/>\n<meta property=\"article:modified_time\" content=\"2025-08-15T13:35:37+00:00\" \/>\n<meta property=\"og:image\" content=\"https:\/\/tijuana.com.uy\/wp-content\/uploads\/2023\/05\/de4fab_b8c6dd25c91c4764b123c67cc509966cmv2.jpg\" \/>\n\t<meta property=\"og:image:width\" content=\"1920\" \/>\n\t<meta property=\"og:image:height\" content=\"1920\" \/>\n\t<meta property=\"og:image:type\" content=\"image\/jpeg\" \/>\n<meta name=\"twitter:card\" content=\"summary_large_image\" \/>\n<script type=\"application\/ld+json\" class=\"yoast-schema-graph\">{\"@context\":\"https:\\\/\\\/schema.org\",\"@graph\":[{\"@type\":\"WebPage\",\"@id\":\"https:\\\/\\\/tijuana.com.uy\\\/?product=intruso-en-uruguay-pika\",\"url\":\"https:\\\/\\\/tijuana.com.uy\\\/?product=intruso-en-uruguay-pika\",\"name\":\"INTRUSO EN URUGUAY PIKA - Tijuana\",\"isPartOf\":{\"@id\":\"https:\\\/\\\/tijuana.com.uy\\\/#website\"},\"primaryImageOfPage\":{\"@id\":\"https:\\\/\\\/tijuana.com.uy\\\/?product=intruso-en-uruguay-pika#primaryimage\"},\"image\":{\"@id\":\"https:\\\/\\\/tijuana.com.uy\\\/?product=intruso-en-uruguay-pika#primaryimage\"},\"thumbnailUrl\":\"https:\\\/\\\/tijuana.com.uy\\\/wp-content\\\/uploads\\\/2023\\\/05\\\/de4fab_b8c6dd25c91c4764b123c67cc509966cmv2.jpg\",\"datePublished\":\"2023-05-08T03:18:10+00:00\",\"dateModified\":\"2025-08-15T13:35:37+00:00\",\"description\":\"Este es un muy divertido juego de observaci\u00f3n y asociaci\u00f3n.El mazo contiene 20 ilustraciones relacionadas a costumbres, caracter\u00edsticas y lugares de Uruguay\",\"breadcrumb\":{\"@id\":\"https:\\\/\\\/tijuana.com.uy\\\/?product=intruso-en-uruguay-pika#breadcrumb\"},\"inLanguage\":\"es\",\"potentialAction\":[{\"@type\":\"ReadAction\",\"target\":[\"https:\\\/\\\/tijuana.com.uy\\\/?product=intruso-en-uruguay-pika\"]}]},{\"@type\":\"ImageObject\",\"inLanguage\":\"es\",\"@id\":\"https:\\\/\\\/tijuana.com.uy\\\/?product=intruso-en-uruguay-pika#primaryimage\",\"url\":\"https:\\\/\\\/tijuana.com.uy\\\/wp-content\\\/uploads\\\/2023\\\/05\\\/de4fab_b8c6dd25c91c4764b123c67cc509966cmv2.jpg\",\"contentUrl\":\"https:\\\/\\\/tijuana.com.uy\\\/wp-content\\\/uploads\\\/2023\\\/05\\\/de4fab_b8c6dd25c91c4764b123c67cc509966cmv2.jpg\",\"width\":1920,\"height\":1920,\"caption\":\"Intruso en Uruguay pika\"},{\"@type\":\"BreadcrumbList\",\"@id\":\"https:\\\/\\\/tijuana.com.uy\\\/?product=intruso-en-uruguay-pika#breadcrumb\",\"itemListElement\":[{\"@type\":\"ListItem\",\"position\":1,\"name\":\"Inicio\",\"item\":\"https:\\\/\\\/tijuana.com.uy\\\/\"},{\"@type\":\"ListItem\",\"position\":2,\"name\":\"Todos nuestros productos\",\"item\":\"https:\\\/\\\/tijuana.com.uy\\\/?page_id=365\"},{\"@type\":\"ListItem\",\"position\":3,\"name\":\"INTRUSO EN URUGUAY PIKA\"}]},{\"@type\":\"WebSite\",\"@id\":\"https:\\\/\\\/tijuana.com.uy\\\/#website\",\"url\":\"https:\\\/\\\/tijuana.com.uy\\\/\",\"name\":\"Tijuana\",\"description\":\"Ecommerce Tijuana\",\"potentialAction\":[{\"@type\":\"SearchAction\",\"target\":{\"@type\":\"EntryPoint\",\"urlTemplate\":\"https:\\\/\\\/tijuana.com.uy\\\/?s={search_term_string}\"},\"query-input\":{\"@type\":\"PropertyValueSpecification\",\"valueRequired\":true,\"valueName\":\"search_term_string\"}}],\"inLanguage\":\"es\"}]}<\/script>\n<!-- \/ Yoast SEO plugin. -->","yoast_head_json":{"title":"INTRUSO EN URUGUAY PIKA - Tijuana","description":"Este es un muy divertido juego de observaci\u00f3n y asociaci\u00f3n.El mazo contiene 20 ilustraciones relacionadas a costumbres, caracter\u00edsticas y lugares de Uruguay","robots":{"index":"index","follow":"follow","max-snippet":"max-snippet:-1","max-image-preview":"max-image-preview:large","max-video-preview":"max-video-preview:-1"},"canonical":"https:\/\/tijuana.com.uy\/?product=intruso-en-uruguay-pika","og_locale":"es_ES","og_type":"article","og_title":"INTRUSO EN URUGUAY PIKA - Tijuana","og_description":"Este es un muy divertido juego de observaci\u00f3n y asociaci\u00f3n.El mazo contiene 20 ilustraciones relacionadas a costumbres, caracter\u00edsticas y lugares de Uruguay","og_url":"https:\/\/tijuana.com.uy\/?product=intruso-en-uruguay-pika","og_site_name":"Tijuana","article_modified_time":"2025-08-15T13:35:37+00:00","og_image":[{"width":1920,"height":1920,"url":"https:\/\/tijuana.com.uy\/wp-content\/uploads\/2023\/05\/de4fab_b8c6dd25c91c4764b123c67cc509966cmv2.jpg","type":"image\/jpeg"}],"twitter_card":"summary_large_image","schema":{"@context":"https:\/\/schema.org","@graph":[{"@type":"WebPage","@id":"https:\/\/tijuana.com.uy\/?product=intruso-en-uruguay-pika","url":"https:\/\/tijuana.com.uy\/?product=intruso-en-uruguay-pika","name":"INTRUSO EN URUGUAY PIKA - Tijuana","isPartOf":{"@id":"https:\/\/tijuana.com.uy\/#website"},"primaryImageOfPage":{"@id":"https:\/\/tijuana.com.uy\/?product=intruso-en-uruguay-pika#primaryimage"},"image":{"@id":"https:\/\/tijuana.com.uy\/?product=intruso-en-uruguay-pika#primaryimage"},"thumbnailUrl":"https:\/\/tijuana.com.uy\/wp-content\/uploads\/2023\/05\/de4fab_b8c6dd25c91c4764b123c67cc509966cmv2.jpg","datePublished":"2023-05-08T03:18:10+00:00","dateModified":"2025-08-15T13:35:37+00:00","description":"Este es un muy divertido juego de observaci\u00f3n y asociaci\u00f3n.El mazo contiene 20 ilustraciones relacionadas a costumbres, caracter\u00edsticas y lugares de Uruguay","breadcrumb":{"@id":"https:\/\/tijuana.com.uy\/?product=intruso-en-uruguay-pika#breadcrumb"},"inLanguage":"es","potentialAction":[{"@type":"ReadAction","target":["https:\/\/tijuana.com.uy\/?product=intruso-en-uruguay-pika"]}]},{"@type":"ImageObject","inLanguage":"es","@id":"https:\/\/tijuana.com.uy\/?product=intruso-en-uruguay-pika#primaryimage","url":"https:\/\/tijuana.com.uy\/wp-content\/uploads\/2023\/05\/de4fab_b8c6dd25c91c4764b123c67cc509966cmv2.jpg","contentUrl":"https:\/\/tijuana.com.uy\/wp-content\/uploads\/2023\/05\/de4fab_b8c6dd25c91c4764b123c67cc509966cmv2.jpg","width":1920,"height":1920,"caption":"Intruso en Uruguay pika"},{"@type":"BreadcrumbList","@id":"https:\/\/tijuana.com.uy\/?product=intruso-en-uruguay-pika#breadcrumb","itemListElement":[{"@type":"ListItem","position":1,"name":"Inicio","item":"https:\/\/tijuana.com.uy\/"},{"@type":"ListItem","position":2,"name":"Todos nuestros productos","item":"https:\/\/tijuana.com.uy\/?page_id=365"},{"@type":"ListItem","position":3,"name":"INTRUSO EN URUGUAY PIKA"}]},{"@type":"WebSite","@id":"https:\/\/tijuana.com.uy\/#website","url":"https:\/\/tijuana.com.uy\/","name":"Tijuana","description":"Ecommerce Tijuana","potentialAction":[{"@type":"SearchAction","target":{"@type":"EntryPoint","urlTemplate":"https:\/\/tijuana.com.uy\/?s={search_term_string}"},"query-input":{"@type":"PropertyValueSpecification","valueRequired":true,"valueName":"search_term_string"}}],"inLanguage":"es"}]}},"_links":{"self":[{"href":"https:\/\/tijuana.com.uy\/index.php?rest_route=\/wp\/v2\/product\/4466","targetHints":{"allow":["GET"]}}],"collection":[{"href":"https:\/\/tijuana.com.uy\/index.php?rest_route=\/wp\/v2\/product"}],"about":[{"href":"https:\/\/tijuana.com.uy\/index.php?rest_route=\/wp\/v2\/types\/product"}],"wp:featuredmedia":[{"embeddable":true,"href":"https:\/\/tijuana.com.uy\/index.php?rest_route=\/wp\/v2\/media\/4470"}],"wp:attachment":[{"href":"https:\/\/tijuana.com.uy\/index.php?rest_route=%2Fwp%2Fv2%2Fmedia&parent=4466"}],"wp:term":[{"taxonomy":"product_brand","embeddable":true,"href":"https:\/\/tijuana.com.uy\/index.php?rest_route=%2Fwp%2Fv2%2Fproduct_brand&post=4466"},{"taxonomy":"product_cat","embeddable":true,"href":"https:\/\/tijuana.com.uy\/index.php?rest_route=%2Fwp%2Fv2%2Fproduct_cat&post=4466"},{"taxonomy":"product_tag","embeddable":true,"href":"https:\/\/tijuana.com.uy\/index.php?rest_route=%2Fwp%2Fv2%2Fproduct_tag&post=4466"}],"curies":[{"name":"wp","href":"https:\/\/api.w.org\/{rel}","templated":true}]}}