{"id":4717,"date":"2024-01-18T16:49:51","date_gmt":"2024-01-18T19:49:51","guid":{"rendered":"https:\/\/tijuana.com.uy\/?post_type=product&#038;p=4717"},"modified":"2024-09-05T12:33:58","modified_gmt":"2024-09-05T15:33:58","slug":"agenda-2024-remember-forum-print-wire","status":"publish","type":"product","link":"https:\/\/tijuana.com.uy\/?product=agenda-2024-remember-forum-print-wire","title":{"rendered":"Agenda 2024 \u2013 Remember Forum Print Wire"},"content":{"rendered":"","protected":false},"excerpt":{"rendered":"<p>Agenda 2024 con tapa dura y rulo, viene en un solo tama\u00f1o de 20 x 14,5 cm. Puede ser Semana a la Vista o D\u00eda por D\u00eda.<\/p>\n<p>Dise\u00f1os a entregar seg\u00fan disponibilidad de stock en el momento de la compra.<\/p>\n","protected":false},"featured_media":4720,"template":"","meta":[],"product_brand":[],"product_cat":[221,58,59,25],"product_tag":[220,78,121,76],"class_list":{"0":"post-4717","1":"product","2":"type-product","3":"status-publish","4":"has-post-thumbnail","6":"product_cat-agendas","7":"product_cat-escolares","8":"product_cat-oficina","9":"product_cat-papeleria","10":"product_tag-agenda","11":"product_tag-escolares","12":"product_tag-oficina","13":"product_tag-papeleria","15":"first","16":"outofstock","17":"taxable","18":"shipping-taxable","19":"purchasable","20":"product-type-variable"},"yoast_head":"<!-- This site is optimized with the Yoast SEO plugin v27.5 - https:\/\/yoast.com\/product\/yoast-seo-wordpress\/ -->\n<title>Agenda 2024 \u2013 Remember Forum Print Wire - Tijuana<\/title>\n<meta name=\"description\" content=\"Agenda 2024 con tapa dura y rulo, viene en un solo tama\u00f1o de 20 x 14,5 cm. Puede ser Semana a la Vista o D\u00eda por D\u00eda.\" \/>\n<meta name=\"robots\" content=\"index, follow, max-snippet:-1, max-image-preview:large, max-video-preview:-1\" \/>\n<link rel=\"canonical\" href=\"https:\/\/tijuana.com.uy\/?product=agenda-2024-remember-forum-print-wire\" \/>\n<meta property=\"og:locale\" content=\"es_ES\" \/>\n<meta property=\"og:type\" content=\"article\" \/>\n<meta property=\"og:title\" content=\"Agenda 2024 \u2013 Remember Forum Print Wire - Tijuana\" \/>\n<meta property=\"og:description\" content=\"Agenda 2024 con tapa dura y rulo, viene en un solo tama\u00f1o de 20 x 14,5 cm. Puede ser Semana a la Vista o D\u00eda por D\u00eda.\" \/>\n<meta property=\"og:url\" content=\"https:\/\/tijuana.com.uy\/?product=agenda-2024-remember-forum-print-wire\" \/>\n<meta property=\"og:site_name\" content=\"Tijuana\" \/>\n<meta property=\"article:modified_time\" content=\"2024-09-05T15:33:58+00:00\" \/>\n<meta property=\"og:image\" content=\"https:\/\/tijuana.com.uy\/wp-content\/uploads\/2024\/01\/7EA49EF1-2812-4266-AF25-091D50859D40.png\" \/>\n\t<meta property=\"og:image:width\" content=\"1080\" \/>\n\t<meta property=\"og:image:height\" content=\"1080\" \/>\n\t<meta property=\"og:image:type\" content=\"image\/png\" \/>\n<meta name=\"twitter:card\" content=\"summary_large_image\" \/>\n<meta name=\"twitter:label1\" content=\"Tiempo de lectura\" \/>\n\t<meta name=\"twitter:data1\" content=\"1 minuto\" \/>\n<script type=\"application\/ld+json\" class=\"yoast-schema-graph\">{\"@context\":\"https:\\\/\\\/schema.org\",\"@graph\":[{\"@type\":\"WebPage\",\"@id\":\"https:\\\/\\\/tijuana.com.uy\\\/?product=agenda-2024-remember-forum-print-wire\",\"url\":\"https:\\\/\\\/tijuana.com.uy\\\/?product=agenda-2024-remember-forum-print-wire\",\"name\":\"Agenda 2024 \u2013 Remember Forum Print Wire - Tijuana\",\"isPartOf\":{\"@id\":\"https:\\\/\\\/tijuana.com.uy\\\/#website\"},\"primaryImageOfPage\":{\"@id\":\"https:\\\/\\\/tijuana.com.uy\\\/?product=agenda-2024-remember-forum-print-wire#primaryimage\"},\"image\":{\"@id\":\"https:\\\/\\\/tijuana.com.uy\\\/?product=agenda-2024-remember-forum-print-wire#primaryimage\"},\"thumbnailUrl\":\"https:\\\/\\\/tijuana.com.uy\\\/wp-content\\\/uploads\\\/2024\\\/01\\\/7EA49EF1-2812-4266-AF25-091D50859D40.png\",\"datePublished\":\"2024-01-18T19:49:51+00:00\",\"dateModified\":\"2024-09-05T15:33:58+00:00\",\"description\":\"Agenda 2024 con tapa dura y rulo, viene en un solo tama\u00f1o de 20 x 14,5 cm. Puede ser Semana a la Vista o D\u00eda por D\u00eda.\",\"breadcrumb\":{\"@id\":\"https:\\\/\\\/tijuana.com.uy\\\/?product=agenda-2024-remember-forum-print-wire#breadcrumb\"},\"inLanguage\":\"es\",\"potentialAction\":[{\"@type\":\"ReadAction\",\"target\":[\"https:\\\/\\\/tijuana.com.uy\\\/?product=agenda-2024-remember-forum-print-wire\"]}]},{\"@type\":\"ImageObject\",\"inLanguage\":\"es\",\"@id\":\"https:\\\/\\\/tijuana.com.uy\\\/?product=agenda-2024-remember-forum-print-wire#primaryimage\",\"url\":\"https:\\\/\\\/tijuana.com.uy\\\/wp-content\\\/uploads\\\/2024\\\/01\\\/7EA49EF1-2812-4266-AF25-091D50859D40.png\",\"contentUrl\":\"https:\\\/\\\/tijuana.com.uy\\\/wp-content\\\/uploads\\\/2024\\\/01\\\/7EA49EF1-2812-4266-AF25-091D50859D40.png\",\"width\":1080,\"height\":1080},{\"@type\":\"BreadcrumbList\",\"@id\":\"https:\\\/\\\/tijuana.com.uy\\\/?product=agenda-2024-remember-forum-print-wire#breadcrumb\",\"itemListElement\":[{\"@type\":\"ListItem\",\"position\":1,\"name\":\"Inicio\",\"item\":\"https:\\\/\\\/tijuana.com.uy\\\/\"},{\"@type\":\"ListItem\",\"position\":2,\"name\":\"Todos nuestros productos\",\"item\":\"https:\\\/\\\/tijuana.com.uy\\\/?page_id=365\"},{\"@type\":\"ListItem\",\"position\":3,\"name\":\"Agenda 2024 \u2013 Remember Forum Print Wire\"}]},{\"@type\":\"WebSite\",\"@id\":\"https:\\\/\\\/tijuana.com.uy\\\/#website\",\"url\":\"https:\\\/\\\/tijuana.com.uy\\\/\",\"name\":\"Tijuana\",\"description\":\"Ecommerce Tijuana\",\"potentialAction\":[{\"@type\":\"SearchAction\",\"target\":{\"@type\":\"EntryPoint\",\"urlTemplate\":\"https:\\\/\\\/tijuana.com.uy\\\/?s={search_term_string}\"},\"query-input\":{\"@type\":\"PropertyValueSpecification\",\"valueRequired\":true,\"valueName\":\"search_term_string\"}}],\"inLanguage\":\"es\"}]}<\/script>\n<!-- \/ Yoast SEO plugin. -->","yoast_head_json":{"title":"Agenda 2024 \u2013 Remember Forum Print Wire - Tijuana","description":"Agenda 2024 con tapa dura y rulo, viene en un solo tama\u00f1o de 20 x 14,5 cm. Puede ser Semana a la Vista o D\u00eda por D\u00eda.","robots":{"index":"index","follow":"follow","max-snippet":"max-snippet:-1","max-image-preview":"max-image-preview:large","max-video-preview":"max-video-preview:-1"},"canonical":"https:\/\/tijuana.com.uy\/?product=agenda-2024-remember-forum-print-wire","og_locale":"es_ES","og_type":"article","og_title":"Agenda 2024 \u2013 Remember Forum Print Wire - Tijuana","og_description":"Agenda 2024 con tapa dura y rulo, viene en un solo tama\u00f1o de 20 x 14,5 cm. Puede ser Semana a la Vista o D\u00eda por D\u00eda.","og_url":"https:\/\/tijuana.com.uy\/?product=agenda-2024-remember-forum-print-wire","og_site_name":"Tijuana","article_modified_time":"2024-09-05T15:33:58+00:00","og_image":[{"width":1080,"height":1080,"url":"https:\/\/tijuana.com.uy\/wp-content\/uploads\/2024\/01\/7EA49EF1-2812-4266-AF25-091D50859D40.png","type":"image\/png"}],"twitter_card":"summary_large_image","twitter_misc":{"Tiempo de lectura":"1 minuto"},"schema":{"@context":"https:\/\/schema.org","@graph":[{"@type":"WebPage","@id":"https:\/\/tijuana.com.uy\/?product=agenda-2024-remember-forum-print-wire","url":"https:\/\/tijuana.com.uy\/?product=agenda-2024-remember-forum-print-wire","name":"Agenda 2024 \u2013 Remember Forum Print Wire - Tijuana","isPartOf":{"@id":"https:\/\/tijuana.com.uy\/#website"},"primaryImageOfPage":{"@id":"https:\/\/tijuana.com.uy\/?product=agenda-2024-remember-forum-print-wire#primaryimage"},"image":{"@id":"https:\/\/tijuana.com.uy\/?product=agenda-2024-remember-forum-print-wire#primaryimage"},"thumbnailUrl":"https:\/\/tijuana.com.uy\/wp-content\/uploads\/2024\/01\/7EA49EF1-2812-4266-AF25-091D50859D40.png","datePublished":"2024-01-18T19:49:51+00:00","dateModified":"2024-09-05T15:33:58+00:00","description":"Agenda 2024 con tapa dura y rulo, viene en un solo tama\u00f1o de 20 x 14,5 cm. Puede ser Semana a la Vista o D\u00eda por D\u00eda.","breadcrumb":{"@id":"https:\/\/tijuana.com.uy\/?product=agenda-2024-remember-forum-print-wire#breadcrumb"},"inLanguage":"es","potentialAction":[{"@type":"ReadAction","target":["https:\/\/tijuana.com.uy\/?product=agenda-2024-remember-forum-print-wire"]}]},{"@type":"ImageObject","inLanguage":"es","@id":"https:\/\/tijuana.com.uy\/?product=agenda-2024-remember-forum-print-wire#primaryimage","url":"https:\/\/tijuana.com.uy\/wp-content\/uploads\/2024\/01\/7EA49EF1-2812-4266-AF25-091D50859D40.png","contentUrl":"https:\/\/tijuana.com.uy\/wp-content\/uploads\/2024\/01\/7EA49EF1-2812-4266-AF25-091D50859D40.png","width":1080,"height":1080},{"@type":"BreadcrumbList","@id":"https:\/\/tijuana.com.uy\/?product=agenda-2024-remember-forum-print-wire#breadcrumb","itemListElement":[{"@type":"ListItem","position":1,"name":"Inicio","item":"https:\/\/tijuana.com.uy\/"},{"@type":"ListItem","position":2,"name":"Todos nuestros productos","item":"https:\/\/tijuana.com.uy\/?page_id=365"},{"@type":"ListItem","position":3,"name":"Agenda 2024 \u2013 Remember Forum Print Wire"}]},{"@type":"WebSite","@id":"https:\/\/tijuana.com.uy\/#website","url":"https:\/\/tijuana.com.uy\/","name":"Tijuana","description":"Ecommerce Tijuana","potentialAction":[{"@type":"SearchAction","target":{"@type":"EntryPoint","urlTemplate":"https:\/\/tijuana.com.uy\/?s={search_term_string}"},"query-input":{"@type":"PropertyValueSpecification","valueRequired":true,"valueName":"search_term_string"}}],"inLanguage":"es"}]}},"_links":{"self":[{"href":"https:\/\/tijuana.com.uy\/index.php?rest_route=\/wp\/v2\/product\/4717","targetHints":{"allow":["GET"]}}],"collection":[{"href":"https:\/\/tijuana.com.uy\/index.php?rest_route=\/wp\/v2\/product"}],"about":[{"href":"https:\/\/tijuana.com.uy\/index.php?rest_route=\/wp\/v2\/types\/product"}],"wp:featuredmedia":[{"embeddable":true,"href":"https:\/\/tijuana.com.uy\/index.php?rest_route=\/wp\/v2\/media\/4720"}],"wp:attachment":[{"href":"https:\/\/tijuana.com.uy\/index.php?rest_route=%2Fwp%2Fv2%2Fmedia&parent=4717"}],"wp:term":[{"taxonomy":"product_brand","embeddable":true,"href":"https:\/\/tijuana.com.uy\/index.php?rest_route=%2Fwp%2Fv2%2Fproduct_brand&post=4717"},{"taxonomy":"product_cat","embeddable":true,"href":"https:\/\/tijuana.com.uy\/index.php?rest_route=%2Fwp%2Fv2%2Fproduct_cat&post=4717"},{"taxonomy":"product_tag","embeddable":true,"href":"https:\/\/tijuana.com.uy\/index.php?rest_route=%2Fwp%2Fv2%2Fproduct_tag&post=4717"}],"curies":[{"name":"wp","href":"https:\/\/api.w.org\/{rel}","templated":true}]}}